{"id":9,"date":"2025-10-21T23:49:57","date_gmt":"2025-10-21T23:49:57","guid":{"rendered":"https:\/\/sepiacmj.facultaddeartesmexicaliuabc.com\/?page_id=9"},"modified":"2025-10-31T20:14:50","modified_gmt":"2025-10-31T20:14:50","slug":"elementor-9","status":"publish","type":"page","link":"https:\/\/sepiacmj.facultaddeartesmexicaliuabc.com\/","title":{"rendered":"Inicio"},"content":{"rendered":"\t\t<div data-elementor-type=\"wp-page\" data-elementor-id=\"9\" class=\"elementor elementor-9\" data-elementor-post-type=\"page\">\n\t\t\t\t<div class=\"elementor-element elementor-element-5dd8fcd e-con-full e-flex wpr-particle-no wpr-jarallax-no wpr-parallax-no wpr-sticky-section-no e-con e-parent\" data-id=\"5dd8fcd\" data-element_type=\"container\" data-settings=\"{&quot;background_background&quot;:&quot;classic&quot;}\">\n\t\t\t\t<div class=\"elementor-element elementor-element-213cb1c elementor-widget__width-initial elementor-widget elementor-widget-image\" data-id=\"213cb1c\" data-element_type=\"widget\" data-widget_type=\"image.default\">\n\t\t\t\t\t\t\t\t\t\t\t\t\t\t\t\t<a href=\"https:\/\/cenidiap.inba.gob.mx\/\">\n\t\t\t\t\t\t\t<img decoding=\"async\" src=\"https:\/\/sepiacmj.facultaddeartesmexicaliuabc.com\/wp-content\/uploads\/elementor\/thumbs\/logoCenidiap-rdw8z82xeznjf788cb80vj4pbi5wfysknwlpd40x4k.png\" title=\"logoCenidiap\" alt=\"logoCenidiap\" loading=\"lazy\" \/>\t\t\t\t\t\t\t\t<\/a>\n\t\t\t\t\t\t\t\t\t\t\t\t\t\t\t<\/div>\n\t\t\t\t<div class=\"elementor-element elementor-element-cb0db0d elementor-widget elementor-widget-image\" data-id=\"cb0db0d\" data-element_type=\"widget\" data-widget_type=\"image.default\">\n\t\t\t\t\t\t\t\t\t\t\t\t\t\t\t\t<a href=\"https:\/\/www.uabc.mx\/\">\n\t\t\t\t\t\t\t<img decoding=\"async\" src=\"https:\/\/sepiacmj.facultaddeartesmexicaliuabc.com\/wp-content\/uploads\/elementor\/thumbs\/04_ESCUDO-UABC-BLANCO-rdw9xclzzoisuazxmucbjdrgbjh2camavkx652hzlw.png\" title=\"04_ESCUDO-UABC-BLANCO\" alt=\"04_ESCUDO-UABC-BLANCO\" loading=\"lazy\" \/>\t\t\t\t\t\t\t\t<\/a>\n\t\t\t\t\t\t\t\t\t\t\t\t\t\t\t<\/div>\n\t\t\t\t<div class=\"elementor-element elementor-element-11a225c elementor-widget elementor-widget-image\" data-id=\"11a225c\" data-element_type=\"widget\" data-widget_type=\"image.default\">\n\t\t\t\t\t\t\t\t\t\t\t\t\t\t\t\t<a href=\"https:\/\/www.facultaddeartesmexicaliuabc.com\/#\">\n\t\t\t\t\t\t\t<img decoding=\"async\" src=\"https:\/\/sepiacmj.facultaddeartesmexicaliuabc.com\/wp-content\/uploads\/elementor\/thumbs\/LOGO-EN-FONDO-NEGRO-e1761698746799-rdwaps89y47t3r1nt999c9arsvedbdcajxcph8zikc.png\" title=\"LOGO EN FONDO NEGRO\" alt=\"LOGO EN FONDO NEGRO\" loading=\"lazy\" \/>\t\t\t\t\t\t\t\t<\/a>\n\t\t\t\t\t\t\t\t\t\t\t\t\t\t\t<\/div>\n\t\t\t\t<\/div>\n\t\t<div class=\"elementor-element elementor-element-c32d5de e-con-full e-flex wpr-particle-no wpr-jarallax-no wpr-parallax-no wpr-sticky-section-no e-con e-parent\" data-id=\"c32d5de\" data-element_type=\"container\">\n\t\t\t\t<div class=\"elementor-element elementor-element-6e4ad82 elementor-widget__width-inherit elementor-widget elementor-widget-image\" data-id=\"6e4ad82\" data-element_type=\"widget\" data-widget_type=\"image.default\">\n\t\t\t\t\t\t\t\t\t\t\t\t\t\t\t<img fetchpriority=\"high\" decoding=\"async\" width=\"1920\" height=\"477\" src=\"https:\/\/sepiacmj.facultaddeartesmexicaliuabc.com\/wp-content\/uploads\/2025\/10\/Banner_SeminarioMexicoJapon-e1761695178579.png\" class=\"attachment-2048x2048 size-2048x2048 wp-image-32\" alt=\"\" srcset=\"https:\/\/sepiacmj.facultaddeartesmexicaliuabc.com\/wp-content\/uploads\/2025\/10\/Banner_SeminarioMexicoJapon-e1761695178579.png 1920w, https:\/\/sepiacmj.facultaddeartesmexicaliuabc.com\/wp-content\/uploads\/2025\/10\/Banner_SeminarioMexicoJapon-e1761695178579-300x75.png 300w, https:\/\/sepiacmj.facultaddeartesmexicaliuabc.com\/wp-content\/uploads\/2025\/10\/Banner_SeminarioMexicoJapon-e1761695178579-1024x254.png 1024w, https:\/\/sepiacmj.facultaddeartesmexicaliuabc.com\/wp-content\/uploads\/2025\/10\/Banner_SeminarioMexicoJapon-e1761695178579-768x191.png 768w, https:\/\/sepiacmj.facultaddeartesmexicaliuabc.com\/wp-content\/uploads\/2025\/10\/Banner_SeminarioMexicoJapon-e1761695178579-1536x382.png 1536w\" sizes=\"(max-width: 1920px) 100vw, 1920px\" \/>\t\t\t\t\t\t\t\t\t\t\t\t\t\t\t<\/div>\n\t\t\t\t<\/div>\n\t\t<div class=\"elementor-element elementor-element-d77638a e-flex e-con-boxed wpr-particle-no wpr-jarallax-no wpr-parallax-no wpr-sticky-section-no e-con e-parent\" data-id=\"d77638a\" data-element_type=\"container\" data-settings=\"{&quot;background_background&quot;:&quot;classic&quot;}\">\n\t\t\t\t\t<div class=\"e-con-inner\">\n\t\t\t\t<div class=\"elementor-element elementor-element-4599f15 elementor-nav-menu__align-start elementor-nav-menu--dropdown-tablet elementor-nav-menu__text-align-aside elementor-nav-menu--toggle elementor-nav-menu--burger elementor-widget elementor-widget-nav-menu\" data-id=\"4599f15\" data-element_type=\"widget\" data-settings=\"{&quot;layout&quot;:&quot;horizontal&quot;,&quot;submenu_icon&quot;:{&quot;value&quot;:&quot;&lt;svg class=\\&quot;e-font-icon-svg e-fas-caret-down\\&quot; viewBox=\\&quot;0 0 320 512\\&quot; xmlns=\\&quot;http:\\\/\\\/www.w3.org\\\/2000\\\/svg\\&quot;&gt;&lt;path d=\\&quot;M31.3 192h257.3c17.8 0 26.7 21.5 14.1 34.1L174.1 354.8c-7.8 7.8-20.5 7.8-28.3 0L17.2 226.1C4.6 213.5 13.5 192 31.3 192z\\&quot;&gt;&lt;\\\/path&gt;&lt;\\\/svg&gt;&quot;,&quot;library&quot;:&quot;fa-solid&quot;},&quot;toggle&quot;:&quot;burger&quot;}\" data-widget_type=\"nav-menu.default\">\n\t\t\t\t\t\t\t\t<nav aria-label=\"Menu\" class=\"elementor-nav-menu--main elementor-nav-menu__container elementor-nav-menu--layout-horizontal e--pointer-underline e--animation-fade\">\n\t\t\t\t<ul id=\"menu-1-4599f15\" class=\"elementor-nav-menu\"><li class=\"menu-item menu-item-type-post_type menu-item-object-page menu-item-home menu-item-54\"><a href=\"https:\/\/sepiacmj.facultaddeartesmexicaliuabc.com\/\" class=\"elementor-item\">Inicio<\/a><\/li>\n<li class=\"menu-item menu-item-type-post_type menu-item-object-page menu-item-has-children menu-item-161\"><a href=\"https:\/\/sepiacmj.facultaddeartesmexicaliuabc.com\/index.php\/seminario\/\" class=\"elementor-item\">Seminario<\/a>\n<ul class=\"sub-menu elementor-nav-menu--dropdown\">\n\t<li class=\"menu-item menu-item-type-post_type menu-item-object-page menu-item-167\"><a href=\"https:\/\/sepiacmj.facultaddeartesmexicaliuabc.com\/index.php\/lineas-de-investigacion\/\" class=\"elementor-sub-item\">L\u00edneas de investigaci\u00f3n<\/a><\/li>\n\t<li class=\"menu-item menu-item-type-post_type menu-item-object-page menu-item-173\"><a href=\"https:\/\/sepiacmj.facultaddeartesmexicaliuabc.com\/index.php\/metodologia-de-trabajo\/\" class=\"elementor-sub-item\">Metodolog\u00eda de trabajo<\/a><\/li>\n<\/ul>\n<\/li>\n<li class=\"menu-item menu-item-type-post_type menu-item-object-page menu-item-207\"><a href=\"https:\/\/sepiacmj.facultaddeartesmexicaliuabc.com\/index.php\/integrantes\/\" class=\"elementor-item\">Integrantes<\/a><\/li>\n<li class=\"menu-item menu-item-type-post_type menu-item-object-page menu-item-217\"><a href=\"https:\/\/sepiacmj.facultaddeartesmexicaliuabc.com\/index.php\/elementor-pagina-208\/\" class=\"elementor-item\">Estructura<\/a><\/li>\n<\/ul>\t\t\t<\/nav>\n\t\t\t\t\t<div class=\"elementor-menu-toggle\" role=\"button\" tabindex=\"0\" aria-label=\"Menu Toggle\" aria-expanded=\"false\">\n\t\t\t<svg aria-hidden=\"true\" role=\"presentation\" class=\"elementor-menu-toggle__icon--open e-font-icon-svg e-eicon-menu-bar\" viewBox=\"0 0 1000 1000\" xmlns=\"http:\/\/www.w3.org\/2000\/svg\"><path d=\"M104 333H896C929 333 958 304 958 271S929 208 896 208H104C71 208 42 237 42 271S71 333 104 333ZM104 583H896C929 583 958 554 958 521S929 458 896 458H104C71 458 42 487 42 521S71 583 104 583ZM104 833H896C929 833 958 804 958 771S929 708 896 708H104C71 708 42 737 42 771S71 833 104 833Z\"><\/path><\/svg><svg aria-hidden=\"true\" role=\"presentation\" class=\"elementor-menu-toggle__icon--close e-font-icon-svg e-eicon-close\" viewBox=\"0 0 1000 1000\" xmlns=\"http:\/\/www.w3.org\/2000\/svg\"><path d=\"M742 167L500 408 258 167C246 154 233 150 217 150 196 150 179 158 167 167 154 179 150 196 150 212 150 229 154 242 171 254L408 500 167 742C138 771 138 800 167 829 196 858 225 858 254 829L496 587 738 829C750 842 767 846 783 846 800 846 817 842 829 829 842 817 846 804 846 783 846 767 842 750 829 737L588 500 833 258C863 229 863 200 833 171 804 137 775 137 742 167Z\"><\/path><\/svg>\t\t<\/div>\n\t\t\t\t\t<nav class=\"elementor-nav-menu--dropdown elementor-nav-menu__container\" aria-hidden=\"true\">\n\t\t\t\t<ul id=\"menu-2-4599f15\" class=\"elementor-nav-menu\"><li class=\"menu-item menu-item-type-post_type menu-item-object-page menu-item-home menu-item-54\"><a href=\"https:\/\/sepiacmj.facultaddeartesmexicaliuabc.com\/\" class=\"elementor-item\" tabindex=\"-1\">Inicio<\/a><\/li>\n<li class=\"menu-item menu-item-type-post_type menu-item-object-page menu-item-has-children menu-item-161\"><a href=\"https:\/\/sepiacmj.facultaddeartesmexicaliuabc.com\/index.php\/seminario\/\" class=\"elementor-item\" tabindex=\"-1\">Seminario<\/a>\n<ul class=\"sub-menu elementor-nav-menu--dropdown\">\n\t<li class=\"menu-item menu-item-type-post_type menu-item-object-page menu-item-167\"><a href=\"https:\/\/sepiacmj.facultaddeartesmexicaliuabc.com\/index.php\/lineas-de-investigacion\/\" class=\"elementor-sub-item\" tabindex=\"-1\">L\u00edneas de investigaci\u00f3n<\/a><\/li>\n\t<li class=\"menu-item menu-item-type-post_type menu-item-object-page menu-item-173\"><a href=\"https:\/\/sepiacmj.facultaddeartesmexicaliuabc.com\/index.php\/metodologia-de-trabajo\/\" class=\"elementor-sub-item\" tabindex=\"-1\">Metodolog\u00eda de trabajo<\/a><\/li>\n<\/ul>\n<\/li>\n<li class=\"menu-item menu-item-type-post_type menu-item-object-page menu-item-207\"><a href=\"https:\/\/sepiacmj.facultaddeartesmexicaliuabc.com\/index.php\/integrantes\/\" class=\"elementor-item\" tabindex=\"-1\">Integrantes<\/a><\/li>\n<li class=\"menu-item menu-item-type-post_type menu-item-object-page menu-item-217\"><a href=\"https:\/\/sepiacmj.facultaddeartesmexicaliuabc.com\/index.php\/elementor-pagina-208\/\" class=\"elementor-item\" tabindex=\"-1\">Estructura<\/a><\/li>\n<\/ul>\t\t\t<\/nav>\n\t\t\t\t\t\t<\/div>\n\t\t\t\t\t<\/div>\n\t\t\t\t<\/div>\n\t\t<div class=\"elementor-element elementor-element-04f936c e-flex e-con-boxed wpr-particle-no wpr-jarallax-no wpr-parallax-no wpr-sticky-section-no e-con e-parent\" data-id=\"04f936c\" data-element_type=\"container\">\n\t\t\t\t\t<div class=\"e-con-inner\">\n\t\t<div class=\"elementor-element elementor-element-66585b1 e-con-full e-flex wpr-particle-no wpr-jarallax-no wpr-parallax-no wpr-sticky-section-no e-con e-child\" data-id=\"66585b1\" data-element_type=\"container\">\n\t\t\t\t<div class=\"elementor-element elementor-element-fc5fffc elementor-widget elementor-widget-text-editor\" data-id=\"fc5fffc\" data-element_type=\"widget\" data-widget_type=\"text-editor.default\">\n\t\t\t\t\t\t\t\t\t<p style=\"text-align: left;\">El Seminario Permanente de Investigaci\u00f3n<br \/>de Arte y Cultura M\u00e9xico-Jap\u00f3n es un<br \/>colegiado acad\u00e9mico plural, horizontal,<br \/>multidisciplinario y transdisciplinario<br \/>dedicado a investigar las relaciones<br \/>art\u00edsticas y culturales de M\u00e9xico y Jap\u00f3n a<br \/>trav\u00e9s de la historia. Su inter\u00e9s central es<br \/>delimitar paralelismos y divergencias<br \/>dentro de este \u00e1mbito y proponer nuevas<br \/>visiones para su an\u00e1lisis. A su vez, explora<br \/>estrategias que innoven en la<br \/>comunicaci\u00f3n, la cooperaci\u00f3n y el<br \/>entendimiento mutuo desde el arte y la<br \/>cultura de ambas naciones.<\/p><p>Inici\u00f3 labores en junio de 2019 y ha<br \/>completado dos etapas: 2019-2020 y 2021-<br \/>2022. La tercera etapa ir\u00e1 de 2023 a 2025.<br \/>Los integrantes actuales se especializan en<br \/>historia del arte, literatura, pedagog\u00eda,<br \/>dise\u00f1o, migraci\u00f3n, fotograf\u00eda, filosof\u00eda,<br \/>teatro, cine, artes visuales y estudios<br \/>internacionales. Adem\u00e1s de esta diversidad<br \/>disciplinaria, las edades y las trayectorias<br \/>var\u00edan: algunos est\u00e1n viviendo el apogeo<br \/>de su carrera mientras otros apenas inician<br \/>el camino. Esta pluralidad enriquece el<br \/>an\u00e1lisis y la creaci\u00f3n de conocimiento al<br \/>potenciar la creatividad que otorga el<br \/>mezclar arm\u00f3nicamente elementos<br \/>heterog\u00e9neos.<\/p><p>R\u00edo Churubusco n\u00fam. 79, col. Country Club,<\/p><p>Piso 9 de la Torre de Investigaci\u00f3n, Centro<\/p><p>Nacional de las Artes, Alcald\u00eda Coyoac\u00e1n, C.<\/p><p>P. 04220, Ciudad de M\u00e9xico.<\/p><p><b>cenidiap.sepiacmj@inba.gob.mx y<\/b><\/p><p><b>sepia.seminario.mexicojapon@gmail.com<\/b><\/p>\t\t\t\t\t\t\t\t<\/div>\n\t\t\t\t<\/div>\n\t\t<div class=\"elementor-element elementor-element-f3f4f55 e-con-full e-flex wpr-particle-no wpr-jarallax-no wpr-parallax-no wpr-sticky-section-no e-con e-child\" data-id=\"f3f4f55\" data-element_type=\"container\">\n\t\t\t\t<div class=\"elementor-element elementor-element-d20052c elementor-widget elementor-widget-text-editor\" data-id=\"d20052c\" data-element_type=\"widget\" data-widget_type=\"text-editor.default\">\n\t\t\t\t\t\t\t\t\t<p>\u30e1\u30ad\u30b7\u30b3\u65e5\u672c\u82b8\u8853\u6587\u5316\u7814\u7a76\u5e38\u8a2d\u30bb\u30df\u30ca\u30fc<\/p><p>\u306f\u3001\u6b74\u53f2\u3092\u901a\u3058\u3066\u30e1\u30ad\u30b7\u30b3\u3068\u65e5\u672c\u306e\u82b8\u8853<\/p><p>\u6587\u5316\u306e\u95a2\u4fc2\u3092\u7814\u7a76\u3059\u308b\u3001\u591a\u69d8\u6027\u306b\u5bcc\u307f\u3001<\/p><p>\u6c34\u5e73\u3067\u591a\u5b66\u79d1\u7684\u304b\u3064\u8d85\u5b66\u969b\u7684\u306a\u5b66\u8853\u56e3\u4f53<\/p><p>\u3067\u3059\u3002\u4e2d\u5fc3\u7684\u306a\u95a2\u5fc3\u4e8b\u306f\u3001\u3053\u306e\u5206\u91ce\u5185\u306e<\/p><p>\u985e\u4f3c\u70b9\u3068\u76f8\u9055\u70b9\u3092\u660e\u78ba\u306b\u3057\u3001\u305d\u306e\u5206\u6790\u306e<\/p><p>\u305f\u3081\u306e\u65b0\u305f\u306a\u8996\u70b9\u3092\u63d0\u4f9b\u3059\u308b\u3053\u3068\u3067\u3059\u3002<\/p><p>\u307e\u305f\u3001\u4e21\u56fd\u306e\u82b8\u8853\u3068\u6587\u5316\u304b\u3089\u306e\u30b3\u30df\u30e5\u30cb<\/p><p>\u30b1\u30fc\u30b7\u30e7\u30f3\u3001\u5354\u529b\u3001\u76f8\u4e92\u7406\u89e3\u3092\u4fc3\u9032\u3059\u308b<\/p><p>\u9769\u65b0\u7684\u306a\u6226\u7565\u3092\u63a2\u6c42\u3057\u3066\u3044\u307e\u3059\u3002<\/p><p>2019\u5e746\u6708\u306b\u6d3b\u52d5\u3092\u958b\u59cb\u3057\u30012019-2020<\/p><p>\u5e74\u30682021-2022\u5e74\u306e2\u3064\u306e\u6bb5\u968e\u3092\u7d4c\u3066\u304d\u307e<\/p><p>\u3057\u305f\u30022023\u5e74\u304b\u30892025\u5e74\u307e\u3067\u306e\u7b2c3\u6bb5\u968e<\/p><p>\u306b\u5165\u308a\u307e\u3002\u73fe\u5728\u306e\u53c2\u52a0\u7814\u7a76\u8005\u306f\u3001\u7f8e\u8853\u53f2<\/p><p>\u3001\u6587\u5b66\u3001\u6559\u80b2\u3001\u30c7\u30b6\u30a4\u30f3\u3001\u79fb\u6c11\u3001\u5199\u771f\u3001<\/p><p>\u54f2\u5b66\u3001\u6f14\u5287\u3001\u6620\u753b\u3001\u8996\u899a\u82b8\u8853\u3001\u56fd\u969b\u95a2\u4fc2<\/p><p>\u306e\u5c02\u9580\u5bb6\u3067\u3059\u3002\u5b66\u554f\u9818\u57df\u3060\u3051\u3067\u306a\u304f\u3001\u5e74<\/p><p>\u9f62\u3084\u7d4c\u6b74\u3082\u591a\u69d8\u3067\u3001\u30ad\u30e3\u30ea\u30a2\u306e\u30d4\u30fc\u30af\u3092<\/p><p>\u8fce\u3048\u308b\u8005\u304b\u3089\u59cb\u307e\u3063\u305f\u3070\u304b\u308a\u306e\u8005\u307e\u3067\u3055<\/p><p>\u307e\u3056\u307e\u3067\u3059\u3002\u3053\u306e\u591a\u69d8\u6027\u306f\u7570\u8cea\u306a\u8981\u7d20\u3092<\/p><p>\u8abf\u548c\u3055\u305b\u308b\u3053\u3068\u3067\u5275\u9020\u6027\u3092\u9ad8\u3081\u3001\u77e5\u8b58\u306e<\/p><p>\u5275\u9020\u3068\u5206\u6790\u3092\u8c4a\u304b\u306b\u3057\u307e\u3059\u3002<\/p><p><span style=\"font-size: 20.7628px;\">\u56fd\u7acb\u9020\u5f62\u82b8\u8853\u7814\u7a76\u8cc7\u6599\u60c5\u5831\u30bb\u30f3\u30bf\u30fc<\/span><\/p><p><span style=\"font-size: 20.7628px;\">R\u00edo Churubusco\u901a\u308a No.\u3000\uff17\uff19\u3001\u30ab\u30f3\u30c8\u30ea<\/span><\/p><p><span style=\"font-size: 20.7628px;\">\u30fc\u30af\u30e9\u30d6\u753a\u3001\u30b3\u30e8\u30a2\u30ab\u30f3\u533a\u3001\u30e1\u30ad\u30b7\u30b3\u30b7<\/span><\/p><p><span style=\"font-size: 20.7628px;\">\u30c6\u30a3\u3001\u301204220\u3002\u56fd\u969b\u30a2\u30fc\u30c8\u30bb\u30f3\u30bf\u30fc\u306e<\/span><\/p><p><span style=\"font-size: 20.7628px;\">\u7814\u7a76\u30bf\u30ef\u30fc\u3001\uff19\u968e\u3002\u30e1\u30fc\u30eb<\/span><\/p><p><span style=\"font-size: 20.7628px;\">\u30fbcenidiap.sepiacmj@inba.gob.mx \u30fb<\/span><\/p><p><span style=\"font-size: 20.7628px;\">sepia.seminario.mexicojapon@gmail.com<\/span><\/p>\t\t\t\t\t\t\t\t<\/div>\n\t\t\t\t<\/div>\n\t\t\t\t\t<\/div>\n\t\t\t\t<\/div>\n\t\t<div class=\"elementor-element elementor-element-f475dea e-flex e-con-boxed wpr-particle-no wpr-jarallax-no wpr-parallax-no wpr-sticky-section-no e-con e-parent\" data-id=\"f475dea\" data-element_type=\"container\" data-settings=\"{&quot;background_background&quot;:&quot;classic&quot;}\">\n\t\t\t\t\t<div class=\"e-con-inner\">\n\t\t\t\t<div class=\"elementor-element elementor-element-9ed1197 elementor-view-default elementor-widget elementor-widget-icon\" data-id=\"9ed1197\" data-element_type=\"widget\" data-widget_type=\"icon.default\">\n\t\t\t\t\t\t\t<div class=\"elementor-icon-wrapper\">\n\t\t\t<a class=\"elementor-icon\" href=\"https:\/\/www.facebook.com\/sepiacmexjp\/\">\n\t\t\t<svg aria-hidden=\"true\" class=\"e-font-icon-svg e-fab-facebook\" viewBox=\"0 0 512 512\" xmlns=\"http:\/\/www.w3.org\/2000\/svg\"><path d=\"M504 256C504 119 393 8 256 8S8 119 8 256c0 123.78 90.69 226.38 209.25 245V327.69h-63V256h63v-54.64c0-62.15 37-96.48 93.67-96.48 27.14 0 55.52 4.84 55.52 4.84v61h-31.28c-30.8 0-40.41 19.12-40.41 38.73V256h68.78l-11 71.69h-57.78V501C413.31 482.38 504 379.78 504 256z\"><\/path><\/svg>\t\t\t<\/a>\n\t\t<\/div>\n\t\t\t\t\t\t<\/div>\n\t\t\t\t<div class=\"elementor-element elementor-element-3be9842 elementor-view-default elementor-widget elementor-widget-icon\" data-id=\"3be9842\" data-element_type=\"widget\" data-widget_type=\"icon.default\">\n\t\t\t\t\t\t\t<div class=\"elementor-icon-wrapper\">\n\t\t\t<a class=\"elementor-icon\" href=\"https:\/\/www.instagram.com\/sepiacmexjp\/?hl=en\">\n\t\t\t<svg aria-hidden=\"true\" class=\"e-font-icon-svg e-fab-instagram\" viewBox=\"0 0 448 512\" xmlns=\"http:\/\/www.w3.org\/2000\/svg\"><path d=\"M224.1 141c-63.6 0-114.9 51.3-114.9 114.9s51.3 114.9 114.9 114.9S339 319.5 339 255.9 287.7 141 224.1 141zm0 189.6c-41.1 0-74.7-33.5-74.7-74.7s33.5-74.7 74.7-74.7 74.7 33.5 74.7 74.7-33.6 74.7-74.7 74.7zm146.4-194.3c0 14.9-12 26.8-26.8 26.8-14.9 0-26.8-12-26.8-26.8s12-26.8 26.8-26.8 26.8 12 26.8 26.8zm76.1 27.2c-1.7-35.9-9.9-67.7-36.2-93.9-26.2-26.2-58-34.4-93.9-36.2-37-2.1-147.9-2.1-184.9 0-35.8 1.7-67.6 9.9-93.9 36.1s-34.4 58-36.2 93.9c-2.1 37-2.1 147.9 0 184.9 1.7 35.9 9.9 67.7 36.2 93.9s58 34.4 93.9 36.2c37 2.1 147.9 2.1 184.9 0 35.9-1.7 67.7-9.9 93.9-36.2 26.2-26.2 34.4-58 36.2-93.9 2.1-37 2.1-147.8 0-184.8zM398.8 388c-7.8 19.6-22.9 34.7-42.6 42.6-29.5 11.7-99.5 9-132.1 9s-102.7 2.6-132.1-9c-19.6-7.8-34.7-22.9-42.6-42.6-11.7-29.5-9-99.5-9-132.1s-2.6-102.7 9-132.1c7.8-19.6 22.9-34.7 42.6-42.6 29.5-11.7 99.5-9 132.1-9s102.7-2.6 132.1 9c19.6 7.8 34.7 22.9 42.6 42.6 11.7 29.5 9 99.5 9 132.1s2.7 102.7-9 132.1z\"><\/path><\/svg>\t\t\t<\/a>\n\t\t<\/div>\n\t\t\t\t\t\t<\/div>\n\t\t\t\t\t<\/div>\n\t\t\t\t<\/div>\n\t\t\t\t<\/div>\n\t\t","protected":false},"excerpt":{"rendered":"<p>El Seminario Permanente de Investigaci\u00f3nde Arte y Cultura M\u00e9xico-Jap\u00f3n es uncolegiado acad\u00e9mico plural, horizontal,multidisciplinario y transdisciplinariodedicado a investigar las relacionesart\u00edsticas y culturales de M\u00e9xico y Jap\u00f3n atrav\u00e9s de la historia. Su inter\u00e9s central esdelimitar paralelismos y divergenciasdentro de este \u00e1mbito y proponer nuevasvisiones para su an\u00e1lisis. A su vez, exploraestrategias que innoven en lacomunicaci\u00f3n, la cooperaci\u00f3n y elentendimiento mutuo desde el arte y lacultura de ambas naciones. Inici\u00f3 labores en junio de 2019 y hacompletado dos etapas: 2019-2020 y 2021-2022. La tercera etapa ir\u00e1 de 2023 a 2025.Los integrantes actuales se especializan enhistoria del arte, literatura, pedagog\u00eda,dise\u00f1o, migraci\u00f3n, fotograf\u00eda, filosof\u00eda,teatro, cine, artes visuales y estudiosinternacionales. Adem\u00e1s de esta diversidaddisciplinaria, las edades y las trayectoriasvar\u00edan: algunos est\u00e1n viviendo el apogeode su carrera mientras otros apenas inicianel camino. Esta pluralidad enriquece elan\u00e1lisis y la creaci\u00f3n de conocimiento alpotenciar la creatividad que otorga elmezclar arm\u00f3nicamente elementosheterog\u00e9neos. R\u00edo Churubusco n\u00fam. 79, col. Country Club, Piso 9 de la Torre de Investigaci\u00f3n, Centro Nacional de las Artes, Alcald\u00eda Coyoac\u00e1n, C. P. 04220, Ciudad de M\u00e9xico. cenidiap.sepiacmj@inba.gob.mx y sepia.seminario.mexicojapon@gmail.com \u30e1\u30ad\u30b7\u30b3\u65e5\u672c\u82b8\u8853\u6587\u5316\u7814\u7a76\u5e38\u8a2d\u30bb\u30df\u30ca\u30fc \u306f\u3001\u6b74\u53f2\u3092\u901a\u3058\u3066\u30e1\u30ad\u30b7\u30b3\u3068\u65e5\u672c\u306e\u82b8\u8853 \u6587\u5316\u306e\u95a2\u4fc2\u3092\u7814\u7a76\u3059\u308b\u3001\u591a\u69d8\u6027\u306b\u5bcc\u307f\u3001 \u6c34\u5e73\u3067\u591a\u5b66\u79d1\u7684\u304b\u3064\u8d85\u5b66\u969b\u7684\u306a\u5b66\u8853\u56e3\u4f53 \u3067\u3059\u3002\u4e2d\u5fc3\u7684\u306a\u95a2\u5fc3\u4e8b\u306f\u3001\u3053\u306e\u5206\u91ce\u5185\u306e \u985e\u4f3c\u70b9\u3068\u76f8\u9055\u70b9\u3092\u660e\u78ba\u306b\u3057\u3001\u305d\u306e\u5206\u6790\u306e \u305f\u3081\u306e\u65b0\u305f\u306a\u8996\u70b9\u3092\u63d0\u4f9b\u3059\u308b\u3053\u3068\u3067\u3059\u3002 \u307e\u305f\u3001\u4e21\u56fd\u306e\u82b8\u8853\u3068\u6587\u5316\u304b\u3089\u306e\u30b3\u30df\u30e5\u30cb \u30b1\u30fc\u30b7\u30e7\u30f3\u3001\u5354\u529b\u3001\u76f8\u4e92\u7406\u89e3\u3092\u4fc3\u9032\u3059\u308b \u9769\u65b0\u7684\u306a\u6226\u7565\u3092\u63a2\u6c42\u3057\u3066\u3044\u307e\u3059\u3002 2019\u5e746\u6708\u306b\u6d3b\u52d5\u3092\u958b\u59cb\u3057\u30012019-2020 \u5e74\u30682021-2022\u5e74\u306e2\u3064\u306e\u6bb5\u968e\u3092\u7d4c\u3066\u304d\u307e \u3057\u305f\u30022023\u5e74\u304b\u30892025\u5e74\u307e\u3067\u306e\u7b2c3\u6bb5\u968e \u306b\u5165\u308a\u307e\u3002\u73fe\u5728\u306e\u53c2\u52a0\u7814\u7a76\u8005\u306f\u3001\u7f8e\u8853\u53f2 \u3001\u6587\u5b66\u3001\u6559\u80b2\u3001\u30c7\u30b6\u30a4\u30f3\u3001\u79fb\u6c11\u3001\u5199\u771f\u3001 \u54f2\u5b66\u3001\u6f14\u5287\u3001\u6620\u753b\u3001\u8996\u899a\u82b8\u8853\u3001\u56fd\u969b\u95a2\u4fc2 \u306e\u5c02\u9580\u5bb6\u3067\u3059\u3002\u5b66\u554f\u9818\u57df\u3060\u3051\u3067\u306a\u304f\u3001\u5e74 \u9f62\u3084\u7d4c\u6b74\u3082\u591a\u69d8\u3067\u3001\u30ad\u30e3\u30ea\u30a2\u306e\u30d4\u30fc\u30af\u3092 \u8fce\u3048\u308b\u8005\u304b\u3089\u59cb\u307e\u3063\u305f\u3070\u304b\u308a\u306e\u8005\u307e\u3067\u3055 \u307e\u3056\u307e\u3067\u3059\u3002\u3053\u306e\u591a\u69d8\u6027\u306f\u7570\u8cea\u306a\u8981\u7d20\u3092 \u8abf\u548c\u3055\u305b\u308b\u3053\u3068\u3067\u5275\u9020\u6027\u3092\u9ad8\u3081\u3001\u77e5\u8b58\u306e \u5275\u9020\u3068\u5206\u6790\u3092\u8c4a\u304b\u306b\u3057\u307e\u3059\u3002 \u56fd\u7acb\u9020\u5f62\u82b8\u8853\u7814\u7a76\u8cc7\u6599\u60c5\u5831\u30bb\u30f3\u30bf\u30fc R\u00edo Churubusco\u901a\u308a No.\u3000\uff17\uff19\u3001\u30ab\u30f3\u30c8\u30ea \u30fc\u30af\u30e9\u30d6\u753a\u3001\u30b3\u30e8\u30a2\u30ab\u30f3\u533a\u3001\u30e1\u30ad\u30b7\u30b3\u30b7 \u30c6\u30a3\u3001\u301204220\u3002\u56fd\u969b\u30a2\u30fc\u30c8\u30bb\u30f3\u30bf\u30fc\u306e \u7814\u7a76\u30bf\u30ef\u30fc\u3001\uff19\u968e\u3002\u30e1\u30fc\u30eb \u30fbcenidiap.sepiacmj@inba.gob.mx \u30fb sepia.seminario.mexicojapon@gmail.com<\/p>\n","protected":false},"author":2,"featured_media":0,"parent":0,"menu_order":0,"comment_status":"closed","ping_status":"closed","template":"elementor_canvas","meta":{"footnotes":""},"class_list":["post-9","page","type-page","status-publish","hentry"],"_links":{"self":[{"href":"https:\/\/sepiacmj.facultaddeartesmexicaliuabc.com\/index.php\/wp-json\/wp\/v2\/pages\/9","targetHints":{"allow":["GET"]}}],"collection":[{"href":"https:\/\/sepiacmj.facultaddeartesmexicaliuabc.com\/index.php\/wp-json\/wp\/v2\/pages"}],"about":[{"href":"https:\/\/sepiacmj.facultaddeartesmexicaliuabc.com\/index.php\/wp-json\/wp\/v2\/types\/page"}],"author":[{"embeddable":true,"href":"https:\/\/sepiacmj.facultaddeartesmexicaliuabc.com\/index.php\/wp-json\/wp\/v2\/users\/2"}],"replies":[{"embeddable":true,"href":"https:\/\/sepiacmj.facultaddeartesmexicaliuabc.com\/index.php\/wp-json\/wp\/v2\/comments?post=9"}],"version-history":[{"count":127,"href":"https:\/\/sepiacmj.facultaddeartesmexicaliuabc.com\/index.php\/wp-json\/wp\/v2\/pages\/9\/revisions"}],"predecessor-version":[{"id":223,"href":"https:\/\/sepiacmj.facultaddeartesmexicaliuabc.com\/index.php\/wp-json\/wp\/v2\/pages\/9\/revisions\/223"}],"wp:attachment":[{"href":"https:\/\/sepiacmj.facultaddeartesmexicaliuabc.com\/index.php\/wp-json\/wp\/v2\/media?parent=9"}],"curies":[{"name":"wp","href":"https:\/\/api.w.org\/{rel}","templated":true}]}}