{"id":228,"date":"2026-01-12T17:22:02","date_gmt":"2026-01-12T17:22:02","guid":{"rendered":"https:\/\/sepiacmj.facultaddeartesmexicaliuabc.com\/?page_id=228"},"modified":"2026-01-12T22:29:48","modified_gmt":"2026-01-12T22:29:48","slug":"estructura-copy","status":"publish","type":"page","link":"https:\/\/sepiacmj.facultaddeartesmexicaliuabc.com\/index.php\/estructura-copy\/","title":{"rendered":"Dossier"},"content":{"rendered":"\t\t<div data-elementor-type=\"wp-page\" data-elementor-id=\"228\" class=\"elementor elementor-228\" data-elementor-post-type=\"page\">\n\t\t\t\t<div class=\"elementor-element elementor-element-e728c36 e-con-full e-flex wpr-particle-no wpr-jarallax-no wpr-parallax-no wpr-sticky-section-no e-con e-parent\" data-id=\"e728c36\" data-element_type=\"container\" data-settings=\"{&quot;background_background&quot;:&quot;gradient&quot;}\">\n\t\t<div class=\"elementor-element elementor-element-54c6277 e-con-full e-flex wpr-particle-no wpr-jarallax-no wpr-parallax-no wpr-sticky-section-no e-con e-child\" data-id=\"54c6277\" data-element_type=\"container\">\n\t\t\t\t<div class=\"elementor-element elementor-element-c36f98f elementor-widget__width-initial elementor-widget elementor-widget-image\" data-id=\"c36f98f\" data-element_type=\"widget\" data-widget_type=\"image.default\">\n\t\t\t\t\t\t\t\t\t\t\t\t\t\t\t<img decoding=\"async\" src=\"https:\/\/sepiacmj.facultaddeartesmexicaliuabc.com\/wp-content\/uploads\/2026\/01\/VITRAL-REVISTA-e1768240051951.png\" title=\"VITRAL REVISTA\" alt=\"VITRAL REVISTA\" loading=\"lazy\" \/>\t\t\t\t\t\t\t\t\t\t\t\t\t\t\t<\/div>\n\t\t\t\t<\/div>\n\t\t<div class=\"elementor-element elementor-element-377b606 e-con-full e-flex wpr-particle-no wpr-jarallax-no wpr-parallax-no wpr-sticky-section-no e-con e-child\" data-id=\"377b606\" data-element_type=\"container\">\n\t\t\t\t<\/div>\n\t\t<div class=\"elementor-element elementor-element-f27d53c e-con-full e-flex wpr-particle-no wpr-jarallax-no wpr-parallax-no wpr-sticky-section-no e-con e-child\" data-id=\"f27d53c\" data-element_type=\"container\">\n\t\t\t\t<\/div>\n\t\t<div class=\"elementor-element elementor-element-75e155f e-con-full e-flex wpr-particle-no wpr-jarallax-no wpr-parallax-no wpr-sticky-section-no e-con e-child\" data-id=\"75e155f\" data-element_type=\"container\">\n\t\t\t\t<\/div>\n\t\t\t\t<div class=\"elementor-element elementor-element-351e13d elementor-widget elementor-widget-image\" data-id=\"351e13d\" data-element_type=\"widget\" data-widget_type=\"image.default\">\n\t\t\t\t\t\t\t\t\t\t\t\t\t\t\t<img decoding=\"async\" src=\"https:\/\/sepiacmj.facultaddeartesmexicaliuabc.com\/wp-content\/uploads\/2026\/01\/Logo-Facultad-de-Artes-Mexicali_tranparencia.png\" title=\"Logo Facultad de Artes Mexicali_tranparencia\" alt=\"Logo Facultad de Artes Mexicali_tranparencia\" loading=\"lazy\" \/>\t\t\t\t\t\t\t\t\t\t\t\t\t\t\t<\/div>\n\t\t\t\t<\/div>\n\t\t<div class=\"elementor-element elementor-element-f26ab65 e-flex e-con-boxed wpr-particle-no wpr-jarallax-no wpr-parallax-no wpr-sticky-section-no e-con e-parent\" data-id=\"f26ab65\" data-element_type=\"container\" data-settings=\"{&quot;background_background&quot;:&quot;classic&quot;}\">\n\t\t\t\t\t<div class=\"e-con-inner\">\n\t\t\t\t<div class=\"elementor-element elementor-element-10484d7 e-full_width e-n-menu-layout-horizontal e-n-menu-tablet elementor-widget elementor-widget-n-menu\" data-id=\"10484d7\" data-element_type=\"widget\" data-settings=\"{&quot;menu_items&quot;:[{&quot;item_title&quot;:&quot;Actual&quot;,&quot;_id&quot;:&quot;c85d6d6&quot;,&quot;item_link&quot;:{&quot;url&quot;:&quot;https:\\\/\\\/revista-vitral.com\\\/&quot;,&quot;is_external&quot;:&quot;&quot;,&quot;nofollow&quot;:&quot;&quot;,&quot;custom_attributes&quot;:&quot;&quot;},&quot;item_dropdown_content&quot;:&quot;no&quot;,&quot;item_icon&quot;:{&quot;value&quot;:&quot;&quot;,&quot;library&quot;:&quot;&quot;},&quot;item_icon_active&quot;:null,&quot;element_id&quot;:&quot;&quot;},{&quot;item_title&quot;:&quot;C\\u00f3digo de \\u00e9tica&quot;,&quot;_id&quot;:&quot;1485422&quot;,&quot;item_link&quot;:{&quot;url&quot;:&quot;https:\\\/\\\/revista-vitral.com\\\/index.php\\\/codigo-de-etica\\\/&quot;,&quot;is_external&quot;:&quot;&quot;,&quot;nofollow&quot;:&quot;&quot;,&quot;custom_attributes&quot;:&quot;&quot;},&quot;item_dropdown_content&quot;:&quot;no&quot;,&quot;item_icon&quot;:{&quot;value&quot;:&quot;&quot;,&quot;library&quot;:&quot;&quot;},&quot;item_icon_active&quot;:null,&quot;element_id&quot;:&quot;&quot;},{&quot;item_title&quot;:&quot;Contacto&quot;,&quot;_id&quot;:&quot;e5d3a87&quot;,&quot;item_link&quot;:{&quot;url&quot;:&quot;https:\\\/\\\/revista-vitral.com\\\/index.php\\\/contacto\\\/&quot;,&quot;is_external&quot;:&quot;&quot;,&quot;nofollow&quot;:&quot;&quot;,&quot;custom_attributes&quot;:&quot;&quot;},&quot;item_dropdown_content&quot;:&quot;no&quot;,&quot;item_icon&quot;:{&quot;value&quot;:&quot;&quot;,&quot;library&quot;:&quot;&quot;},&quot;item_icon_active&quot;:null,&quot;element_id&quot;:&quot;&quot;},{&quot;_id&quot;:&quot;4eb0a5e&quot;,&quot;item_title&quot;:&quot;Acerca de&quot;,&quot;item_link&quot;:{&quot;url&quot;:&quot;https:\\\/\\\/revista-vitral.com\\\/index.php\\\/sample-page\\\/&quot;,&quot;is_external&quot;:&quot;&quot;,&quot;nofollow&quot;:&quot;&quot;,&quot;custom_attributes&quot;:&quot;&quot;},&quot;item_dropdown_content&quot;:&quot;no&quot;,&quot;item_icon&quot;:{&quot;value&quot;:&quot;&quot;,&quot;library&quot;:&quot;&quot;},&quot;item_icon_active&quot;:null,&quot;element_id&quot;:&quot;&quot;}],&quot;content_width&quot;:&quot;full_width&quot;,&quot;item_layout&quot;:&quot;horizontal&quot;,&quot;open_on&quot;:&quot;hover&quot;,&quot;horizontal_scroll&quot;:&quot;disable&quot;,&quot;breakpoint_selector&quot;:&quot;tablet&quot;,&quot;menu_item_title_distance_from_content&quot;:{&quot;unit&quot;:&quot;px&quot;,&quot;size&quot;:0,&quot;sizes&quot;:[]},&quot;menu_item_title_distance_from_content_tablet&quot;:{&quot;unit&quot;:&quot;px&quot;,&quot;size&quot;:&quot;&quot;,&quot;sizes&quot;:[]},&quot;menu_item_title_distance_from_content_mobile&quot;:{&quot;unit&quot;:&quot;px&quot;,&quot;size&quot;:&quot;&quot;,&quot;sizes&quot;:[]}}\" data-widget_type=\"mega-menu.default\">\n\t\t\t\t\t\t\t<nav class=\"e-n-menu\" data-widget-number=\"170\" aria-label=\"Menu\">\n\t\t\t\t\t<button class=\"e-n-menu-toggle\" id=\"menu-toggle-170\" aria-haspopup=\"true\" aria-expanded=\"false\" aria-controls=\"menubar-170\" aria-label=\"Menu Toggle\">\n\t\t\t<span class=\"e-n-menu-toggle-icon e-open\">\n\t\t\t\t<svg class=\"e-font-icon-svg e-eicon-menu-bar\" viewBox=\"0 0 1000 1000\" xmlns=\"http:\/\/www.w3.org\/2000\/svg\"><path d=\"M104 333H896C929 333 958 304 958 271S929 208 896 208H104C71 208 42 237 42 271S71 333 104 333ZM104 583H896C929 583 958 554 958 521S929 458 896 458H104C71 458 42 487 42 521S71 583 104 583ZM104 833H896C929 833 958 804 958 771S929 708 896 708H104C71 708 42 737 42 771S71 833 104 833Z\"><\/path><\/svg>\t\t\t<\/span>\n\t\t\t<span class=\"e-n-menu-toggle-icon e-close\">\n\t\t\t\t<svg class=\"e-font-icon-svg e-eicon-close\" viewBox=\"0 0 1000 1000\" xmlns=\"http:\/\/www.w3.org\/2000\/svg\"><path d=\"M742 167L500 408 258 167C246 154 233 150 217 150 196 150 179 158 167 167 154 179 150 196 150 212 150 229 154 242 171 254L408 500 167 742C138 771 138 800 167 829 196 858 225 858 254 829L496 587 738 829C750 842 767 846 783 846 800 846 817 842 829 829 842 817 846 804 846 783 846 767 842 750 829 737L588 500 833 258C863 229 863 200 833 171 804 137 775 137 742 167Z\"><\/path><\/svg>\t\t\t<\/span>\n\t\t<\/button>\n\t\t\t\t\t<div class=\"e-n-menu-wrapper\" id=\"menubar-170\" aria-labelledby=\"menu-toggle-170\">\n\t\t\t\t<ul class=\"e-n-menu-heading\">\n\t\t\t\t\t\t\t\t<li class=\"e-n-menu-item\">\n\t\t\t\t<div id=\"e-n-menu-title-1701\" class=\"e-n-menu-title\">\n\t\t\t\t\t<a class=\"e-n-menu-title-container e-focus e-link\" href=\"https:\/\/revista-vitral.com\/\">\t\t\t\t\t\t\t\t\t\t\t\t<span class=\"e-n-menu-title-text\">\n\t\t\t\t\t\t\tActual\t\t\t\t\t\t<\/span>\n\t\t\t\t\t<\/a>\t\t\t\t\t\t\t\t\t<\/div>\n\t\t\t\t\t\t\t<\/li>\n\t\t\t\t\t<li class=\"e-n-menu-item\">\n\t\t\t\t<div id=\"e-n-menu-title-1702\" class=\"e-n-menu-title\">\n\t\t\t\t\t<a class=\"e-n-menu-title-container e-focus e-link\" href=\"https:\/\/revista-vitral.com\/index.php\/codigo-de-etica\/\">\t\t\t\t\t\t\t\t\t\t\t\t<span class=\"e-n-menu-title-text\">\n\t\t\t\t\t\t\tC\u00f3digo de \u00e9tica\t\t\t\t\t\t<\/span>\n\t\t\t\t\t<\/a>\t\t\t\t\t\t\t\t\t<\/div>\n\t\t\t\t\t\t\t<\/li>\n\t\t\t\t\t<li class=\"e-n-menu-item\">\n\t\t\t\t<div id=\"e-n-menu-title-1703\" class=\"e-n-menu-title\">\n\t\t\t\t\t<a class=\"e-n-menu-title-container e-focus e-link\" href=\"https:\/\/revista-vitral.com\/index.php\/contacto\/\">\t\t\t\t\t\t\t\t\t\t\t\t<span class=\"e-n-menu-title-text\">\n\t\t\t\t\t\t\tContacto\t\t\t\t\t\t<\/span>\n\t\t\t\t\t<\/a>\t\t\t\t\t\t\t\t\t<\/div>\n\t\t\t\t\t\t\t<\/li>\n\t\t\t\t\t<li class=\"e-n-menu-item\">\n\t\t\t\t<div id=\"e-n-menu-title-1704\" class=\"e-n-menu-title\">\n\t\t\t\t\t<a class=\"e-n-menu-title-container e-focus e-link\" href=\"https:\/\/revista-vitral.com\/index.php\/sample-page\/\">\t\t\t\t\t\t\t\t\t\t\t\t<span class=\"e-n-menu-title-text\">\n\t\t\t\t\t\t\tAcerca de\t\t\t\t\t\t<\/span>\n\t\t\t\t\t<\/a>\t\t\t\t\t\t\t\t\t<\/div>\n\t\t\t\t\t\t\t<\/li>\n\t\t\t\t\t\t<\/ul>\n\t\t\t<\/div>\n\t\t<\/nav>\n\t\t\t\t\t\t<\/div>\n\t\t\t\t\t<\/div>\n\t\t\t\t<\/div>\n\t\t<div class=\"elementor-element elementor-element-51646a37 e-flex e-con-boxed wpr-particle-no wpr-jarallax-no wpr-parallax-no wpr-sticky-section-no e-con e-parent\" data-id=\"51646a37\" data-element_type=\"container\">\n\t\t\t\t\t<div class=\"e-con-inner\">\n\t\t\t\t<div class=\"elementor-element elementor-element-8dd4c0f elementor-widget__width-initial elementor-grid-1 elementor-grid-tablet-2 elementor-grid-mobile-1 elementor-posts--thumbnail-top elementor-widget elementor-widget-posts\" data-id=\"8dd4c0f\" data-element_type=\"widget\" data-settings=\"{&quot;classic_columns&quot;:&quot;1&quot;,&quot;classic_columns_tablet&quot;:&quot;2&quot;,&quot;classic_columns_mobile&quot;:&quot;1&quot;,&quot;classic_row_gap&quot;:{&quot;unit&quot;:&quot;px&quot;,&quot;size&quot;:35,&quot;sizes&quot;:[]},&quot;classic_row_gap_tablet&quot;:{&quot;unit&quot;:&quot;px&quot;,&quot;size&quot;:&quot;&quot;,&quot;sizes&quot;:[]},&quot;classic_row_gap_mobile&quot;:{&quot;unit&quot;:&quot;px&quot;,&quot;size&quot;:&quot;&quot;,&quot;sizes&quot;:[]}}\" data-widget_type=\"posts.classic\">\n\t\t\t\t<div class=\"elementor-widget-container\">\n\t\t\t\t\t\t\t<div class=\"elementor-posts-container elementor-posts elementor-posts--skin-classic elementor-grid\" role=\"list\">\n\t\t\t\t<article class=\"elementor-post elementor-grid-item post-296 post type-post status-publish format-standard hentry category-uncategorized\" role=\"listitem\">\n\t\t\t\t<div class=\"elementor-post__text\">\n\t\t\t\t<h3 class=\"elementor-post__title\">\n\t\t\t<a href=\"https:\/\/sepiacmj.facultaddeartesmexicaliuabc.com\/index.php\/2026\/01\/12\/takeuchi-bonfil-echeverria-y-sakai-modernidad-y-resistencia-afinidades-y-divergencias-entre-mexico-y-japon\/\" >\n\t\t\t\tTakeuchi, Bonfil, Echeverr\u00eda y Sakai.  Modernidad y resistencia: afinidades y divergencias entre M\u00e9xico y Jap\u00f3n\t\t\t<\/a>\n\t\t<\/h3>\n\t\t\t\t<div class=\"elementor-post__meta-data\">\n\t\t\t\t\t<span class=\"elementor-post-date\">\n\t\t\tenero 12, 2026\t\t<\/span>\n\t\t\t\t<span class=\"elementor-post-avatar\">\n\t\t\tNo hay comentarios\t\t<\/span>\n\t\t\t\t<\/div>\n\t\t\n\t\t<a class=\"elementor-post__read-more\" href=\"https:\/\/sepiacmj.facultaddeartesmexicaliuabc.com\/index.php\/2026\/01\/12\/takeuchi-bonfil-echeverria-y-sakai-modernidad-y-resistencia-afinidades-y-divergencias-entre-mexico-y-japon\/\" aria-label=\"Read more about Takeuchi, Bonfil, Echeverr\u00eda y Sakai.  Modernidad y resistencia: afinidades y divergencias entre M\u00e9xico y Jap\u00f3n\" tabindex=\"-1\" >\n\t\t\tRead More \u00bb\t\t<\/a>\n\n\t\t\t\t<\/div>\n\t\t\t\t<\/article>\n\t\t\t\t<article class=\"elementor-post elementor-grid-item post-288 post type-post status-publish format-standard hentry category-uncategorized\" role=\"listitem\">\n\t\t\t\t<div class=\"elementor-post__text\">\n\t\t\t\t<h3 class=\"elementor-post__title\">\n\t\t\t<a href=\"https:\/\/sepiacmj.facultaddeartesmexicaliuabc.com\/index.php\/2026\/01\/12\/la-sensibilidad-japonesa-ante-el-paso-del-tiempo-mono-no-ware\/\" >\n\t\t\t\tLa sensibilidad japonesa ante el paso del tiempo: Mono no ware\t\t\t<\/a>\n\t\t<\/h3>\n\t\t\t\t<div class=\"elementor-post__meta-data\">\n\t\t\t\t\t<span class=\"elementor-post-date\">\n\t\t\tenero 12, 2026\t\t<\/span>\n\t\t\t\t<span class=\"elementor-post-avatar\">\n\t\t\tNo hay comentarios\t\t<\/span>\n\t\t\t\t<\/div>\n\t\t\n\t\t<a class=\"elementor-post__read-more\" href=\"https:\/\/sepiacmj.facultaddeartesmexicaliuabc.com\/index.php\/2026\/01\/12\/la-sensibilidad-japonesa-ante-el-paso-del-tiempo-mono-no-ware\/\" aria-label=\"Read more about La sensibilidad japonesa ante el paso del tiempo: Mono no ware\" tabindex=\"-1\" >\n\t\t\tRead More \u00bb\t\t<\/a>\n\n\t\t\t\t<\/div>\n\t\t\t\t<\/article>\n\t\t\t\t<article class=\"elementor-post elementor-grid-item post-279 post type-post status-publish format-standard hentry category-uncategorized\" role=\"listitem\">\n\t\t\t\t<div class=\"elementor-post__text\">\n\t\t\t\t<h3 class=\"elementor-post__title\">\n\t\t\t<a href=\"https:\/\/sepiacmj.facultaddeartesmexicaliuabc.com\/index.php\/2026\/01\/12\/la-ensenanza-de-la-cultura-japonesa-en-un-contexto-bicultural-diez-anos-de-labor-docente\/\" >\n\t\t\t\tLa ense\u00f1anza de la cultura japonesa en un contexto bicultural. Diez a\u00f1os de labor docente.\t\t\t<\/a>\n\t\t<\/h3>\n\t\t\t\t<div class=\"elementor-post__meta-data\">\n\t\t\t\t\t<span class=\"elementor-post-date\">\n\t\t\tenero 12, 2026\t\t<\/span>\n\t\t\t\t<span class=\"elementor-post-avatar\">\n\t\t\tNo hay comentarios\t\t<\/span>\n\t\t\t\t<\/div>\n\t\t\n\t\t<a class=\"elementor-post__read-more\" href=\"https:\/\/sepiacmj.facultaddeartesmexicaliuabc.com\/index.php\/2026\/01\/12\/la-ensenanza-de-la-cultura-japonesa-en-un-contexto-bicultural-diez-anos-de-labor-docente\/\" aria-label=\"Read more about La ense\u00f1anza de la cultura japonesa en un contexto bicultural. Diez a\u00f1os de labor docente.\" tabindex=\"-1\" >\n\t\t\tRead More \u00bb\t\t<\/a>\n\n\t\t\t\t<\/div>\n\t\t\t\t<\/article>\n\t\t\t\t<article class=\"elementor-post elementor-grid-item post-260 post type-post status-publish format-standard hentry category-uncategorized\" role=\"listitem\">\n\t\t\t\t<div class=\"elementor-post__text\">\n\t\t\t\t<h3 class=\"elementor-post__title\">\n\t\t\t<a href=\"https:\/\/sepiacmj.facultaddeartesmexicaliuabc.com\/index.php\/2026\/01\/12\/esteticas-de-la-revolucion-mundial-paisaje-lucha-y-propaganda-del-ejercito-rojo-japones-y-el-ezln\/\" >\n\t\t\t\tEst\u00e9ticas de la revoluci\u00f3n mundial:  paisaje, lucha y propaganda del Ej\u00e9rcito Rojo Japon\u00e9s y el EZLN\t\t\t<\/a>\n\t\t<\/h3>\n\t\t\t\t<div class=\"elementor-post__meta-data\">\n\t\t\t\t\t<span class=\"elementor-post-date\">\n\t\t\tenero 12, 2026\t\t<\/span>\n\t\t\t\t<span class=\"elementor-post-avatar\">\n\t\t\tNo hay comentarios\t\t<\/span>\n\t\t\t\t<\/div>\n\t\t\n\t\t<a class=\"elementor-post__read-more\" href=\"https:\/\/sepiacmj.facultaddeartesmexicaliuabc.com\/index.php\/2026\/01\/12\/esteticas-de-la-revolucion-mundial-paisaje-lucha-y-propaganda-del-ejercito-rojo-japones-y-el-ezln\/\" aria-label=\"Read more about Est\u00e9ticas de la revoluci\u00f3n mundial:  paisaje, lucha y propaganda del Ej\u00e9rcito Rojo Japon\u00e9s y el EZLN\" tabindex=\"-1\" >\n\t\t\tRead More \u00bb\t\t<\/a>\n\n\t\t\t\t<\/div>\n\t\t\t\t<\/article>\n\t\t\t\t<article class=\"elementor-post elementor-grid-item post-235 post type-post status-publish format-standard hentry category-uncategorized\" role=\"listitem\">\n\t\t\t\t<div class=\"elementor-post__text\">\n\t\t\t\t<h3 class=\"elementor-post__title\">\n\t\t\t<a href=\"https:\/\/sepiacmj.facultaddeartesmexicaliuabc.com\/index.php\/2026\/01\/12\/ecatepunk-de-joshua-hernandez-y-shingeki-no-kyojin-de-isayama-hajime-modernidad-y-resistencia-en-la-ciencia-ficcion\/\" >\n\t\t\t\tEcatepunk de Joshua Hern\u00e1ndez y Shingeki no Kyojin de Isayama Hajime  Modernidad y resistencia en la ciencia ficci\u00f3n\t\t\t<\/a>\n\t\t<\/h3>\n\t\t\t\t<div class=\"elementor-post__meta-data\">\n\t\t\t\t\t<span class=\"elementor-post-date\">\n\t\t\tenero 12, 2026\t\t<\/span>\n\t\t\t\t<span class=\"elementor-post-avatar\">\n\t\t\tNo hay comentarios\t\t<\/span>\n\t\t\t\t<\/div>\n\t\t\n\t\t<a class=\"elementor-post__read-more\" href=\"https:\/\/sepiacmj.facultaddeartesmexicaliuabc.com\/index.php\/2026\/01\/12\/ecatepunk-de-joshua-hernandez-y-shingeki-no-kyojin-de-isayama-hajime-modernidad-y-resistencia-en-la-ciencia-ficcion\/\" aria-label=\"Read more about Ecatepunk de Joshua Hern\u00e1ndez y Shingeki no Kyojin de Isayama Hajime  Modernidad y resistencia en la ciencia ficci\u00f3n\" tabindex=\"-1\" >\n\t\t\tRead More \u00bb\t\t<\/a>\n\n\t\t\t\t<\/div>\n\t\t\t\t<\/article>\n\t\t\t\t<\/div>\n\t\t\n\t\t\t\t\t\t<\/div>\n\t\t\t\t<\/div>\n\t\t\t\t\t<\/div>\n\t\t\t\t<\/div>\n\t\t<div class=\"elementor-element elementor-element-ea98b18 e-con-full e-flex wpr-particle-no wpr-jarallax-no wpr-parallax-no wpr-sticky-section-no e-con e-parent\" data-id=\"ea98b18\" data-element_type=\"container\" data-settings=\"{&quot;background_background&quot;:&quot;classic&quot;}\">\n\t\t<div class=\"elementor-element elementor-element-268aebc e-con-full e-flex wpr-particle-no wpr-jarallax-no wpr-parallax-no wpr-sticky-section-no e-con e-child\" data-id=\"268aebc\" data-element_type=\"container\">\n\t\t\t\t<div class=\"elementor-element elementor-element-ff79ac0 elementor-widget__width-initial elementor-widget elementor-widget-image\" data-id=\"ff79ac0\" data-element_type=\"widget\" data-widget_type=\"image.default\">\n\t\t\t\t\t\t\t\t\t\t\t\t\t\t\t<img fetchpriority=\"high\" decoding=\"async\" width=\"1024\" height=\"429\" src=\"https:\/\/sepiacmj.facultaddeartesmexicaliuabc.com\/wp-content\/uploads\/2026\/01\/VITRAL-REVISTA-e1768240051951-1024x429.png\" class=\"attachment-large size-large wp-image-233\" alt=\"\" srcset=\"https:\/\/sepiacmj.facultaddeartesmexicaliuabc.com\/wp-content\/uploads\/2026\/01\/VITRAL-REVISTA-e1768240051951-1024x429.png 1024w, https:\/\/sepiacmj.facultaddeartesmexicaliuabc.com\/wp-content\/uploads\/2026\/01\/VITRAL-REVISTA-e1768240051951-300x126.png 300w, https:\/\/sepiacmj.facultaddeartesmexicaliuabc.com\/wp-content\/uploads\/2026\/01\/VITRAL-REVISTA-e1768240051951-768x322.png 768w, https:\/\/sepiacmj.facultaddeartesmexicaliuabc.com\/wp-content\/uploads\/2026\/01\/VITRAL-REVISTA-e1768240051951-1536x644.png 1536w, https:\/\/sepiacmj.facultaddeartesmexicaliuabc.com\/wp-content\/uploads\/2026\/01\/VITRAL-REVISTA-e1768240051951.png 1846w\" sizes=\"(max-width: 1024px) 100vw, 1024px\" \/>\t\t\t\t\t\t\t\t\t\t\t\t\t\t\t<\/div>\n\t\t\t\t<div class=\"elementor-element elementor-element-ce4e134 elementor-widget__width-initial elementor-widget elementor-widget-text-editor\" data-id=\"ce4e134\" data-element_type=\"widget\" data-widget_type=\"text-editor.default\">\n\t\t\t\t\t\t\t\t\t<p style=\"text-align: left; font-size: .5em;\"><span style=\"color: #000000;\">La Revista Vitral es una publicaci\u00f3n de periodicidad continua que difunde\u00a0<span style=\"letter-spacing: 0px;\">investigaciones de acad\u00e9micos y profesionales interesados en la investigaci\u00f3n\u00a0<\/span><span style=\"letter-spacing: 0px;\">sobre las distintas disciplinas art\u00edsticas y desde perspectivas te\u00f3ricas y\u00a0<\/span><span style=\"letter-spacing: 0px;\">metodol\u00f3gicas diversas.<\/span><\/span><\/p>\t\t\t\t\t\t\t\t<\/div>\n\t\t\t\t<\/div>\n\t\t<div class=\"elementor-element elementor-element-5353d26 e-con-full e-flex wpr-particle-no wpr-jarallax-no wpr-parallax-no wpr-sticky-section-no e-con e-child\" data-id=\"5353d26\" data-element_type=\"container\">\n\t\t\t\t<div class=\"elementor-element elementor-element-06780b7 elementor-widget elementor-widget-heading\" data-id=\"06780b7\" data-element_type=\"widget\" data-widget_type=\"heading.default\">\n\t\t\t\t\t<h3 class=\"elementor-heading-title elementor-size-default\">Otros enlaces de inter\u00e9s<\/h3>\t\t\t\t<\/div>\n\t\t\t\t<div class=\"elementor-element elementor-element-e426847 elementor-widget elementor-widget-text-editor\" data-id=\"e426847\" data-element_type=\"widget\" data-widget_type=\"text-editor.default\">\n\t\t\t\t\t\t\t\t\t<p style=\"text-align: right;\"><a href=\"https:\/\/www.discursovisual.net\/dvweb54\/\" target=\"_blank\" rel=\"noopener\">Revista Discurso Visual<\/a><br \/><a href=\"https:\/\/artesdemexico.com\/\">Artes De M\u00e9xico<\/a><br \/><a href=\"https:\/\/letraslibres.com\/\" target=\"_blank\" rel=\"noopener\">Letras Libres<\/a><\/p>\t\t\t\t\t\t\t\t<\/div>\n\t\t\t\t<\/div>\n\t\t\t\t<\/div>\n\t\t\t\t<\/div>\n\t\t","protected":false},"excerpt":{"rendered":"<p>Actual C\u00f3digo de \u00e9tica Contacto Acerca de La Revista Vitral es una publicaci\u00f3n de periodicidad continua que difunde\u00a0investigaciones de acad\u00e9micos y profesionales interesados en la investigaci\u00f3n\u00a0sobre las distintas disciplinas art\u00edsticas y desde perspectivas te\u00f3ricas y\u00a0metodol\u00f3gicas diversas. Otros enlaces de inter\u00e9s Revista Discurso VisualArtes De M\u00e9xicoLetras Libres<\/p>\n","protected":false},"author":2,"featured_media":0,"parent":0,"menu_order":0,"comment_status":"closed","ping_status":"closed","template":"elementor_canvas","meta":{"footnotes":""},"class_list":["post-228","page","type-page","status-publish","hentry"],"_links":{"self":[{"href":"https:\/\/sepiacmj.facultaddeartesmexicaliuabc.com\/index.php\/wp-json\/wp\/v2\/pages\/228","targetHints":{"allow":["GET"]}}],"collection":[{"href":"https:\/\/sepiacmj.facultaddeartesmexicaliuabc.com\/index.php\/wp-json\/wp\/v2\/pages"}],"about":[{"href":"https:\/\/sepiacmj.facultaddeartesmexicaliuabc.com\/index.php\/wp-json\/wp\/v2\/types\/page"}],"author":[{"embeddable":true,"href":"https:\/\/sepiacmj.facultaddeartesmexicaliuabc.com\/index.php\/wp-json\/wp\/v2\/users\/2"}],"replies":[{"embeddable":true,"href":"https:\/\/sepiacmj.facultaddeartesmexicaliuabc.com\/index.php\/wp-json\/wp\/v2\/comments?post=228"}],"version-history":[{"count":18,"href":"https:\/\/sepiacmj.facultaddeartesmexicaliuabc.com\/index.php\/wp-json\/wp\/v2\/pages\/228\/revisions"}],"predecessor-version":[{"id":316,"href":"https:\/\/sepiacmj.facultaddeartesmexicaliuabc.com\/index.php\/wp-json\/wp\/v2\/pages\/228\/revisions\/316"}],"wp:attachment":[{"href":"https:\/\/sepiacmj.facultaddeartesmexicaliuabc.com\/index.php\/wp-json\/wp\/v2\/media?parent=228"}],"curies":[{"name":"wp","href":"https:\/\/api.w.org\/{rel}","templated":true}]}}