{"id":162,"date":"2025-10-31T17:09:09","date_gmt":"2025-10-31T17:09:09","guid":{"rendered":"https:\/\/sepiacmj.facultaddeartesmexicaliuabc.com\/?page_id=162"},"modified":"2025-10-31T17:34:58","modified_gmt":"2025-10-31T17:34:58","slug":"lineas-de-investigacion","status":"publish","type":"page","link":"https:\/\/sepiacmj.facultaddeartesmexicaliuabc.com\/index.php\/lineas-de-investigacion\/","title":{"rendered":"L\u00edneas de investigaci\u00f3n"},"content":{"rendered":"\t\t<div data-elementor-type=\"wp-page\" data-elementor-id=\"162\" class=\"elementor elementor-162\" data-elementor-post-type=\"page\">\n\t\t\t\t<div class=\"elementor-element elementor-element-1d9f317e e-con-full e-flex wpr-particle-no wpr-jarallax-no wpr-parallax-no wpr-sticky-section-no e-con e-parent\" data-id=\"1d9f317e\" data-element_type=\"container\" data-settings=\"{&quot;background_background&quot;:&quot;classic&quot;}\">\n\t\t\t\t<div class=\"elementor-element elementor-element-503c14d0 elementor-widget__width-initial elementor-widget elementor-widget-image\" data-id=\"503c14d0\" data-element_type=\"widget\" data-widget_type=\"image.default\">\n\t\t\t\t\t\t\t\t\t\t\t\t\t\t\t\t<a href=\"https:\/\/cenidiap.inba.gob.mx\/\">\n\t\t\t\t\t\t\t<img decoding=\"async\" src=\"https:\/\/sepiacmj.facultaddeartesmexicaliuabc.com\/wp-content\/uploads\/elementor\/thumbs\/logoCenidiap-rdw8z82xeznjf788cb80vj4pbi5wfysknwlpd40x4k.png\" title=\"logoCenidiap\" alt=\"logoCenidiap\" loading=\"lazy\" \/>\t\t\t\t\t\t\t\t<\/a>\n\t\t\t\t\t\t\t\t\t\t\t\t\t\t\t<\/div>\n\t\t\t\t<div class=\"elementor-element elementor-element-3b76388c elementor-widget elementor-widget-image\" data-id=\"3b76388c\" data-element_type=\"widget\" data-widget_type=\"image.default\">\n\t\t\t\t\t\t\t\t\t\t\t\t\t\t\t\t<a href=\"https:\/\/www.uabc.mx\/\">\n\t\t\t\t\t\t\t<img decoding=\"async\" src=\"https:\/\/sepiacmj.facultaddeartesmexicaliuabc.com\/wp-content\/uploads\/elementor\/thumbs\/04_ESCUDO-UABC-BLANCO-rdw9xclzzoisuazxmucbjdrgbjh2camavkx652hzlw.png\" title=\"04_ESCUDO-UABC-BLANCO\" alt=\"04_ESCUDO-UABC-BLANCO\" loading=\"lazy\" \/>\t\t\t\t\t\t\t\t<\/a>\n\t\t\t\t\t\t\t\t\t\t\t\t\t\t\t<\/div>\n\t\t\t\t<div class=\"elementor-element elementor-element-2fded9e7 elementor-widget elementor-widget-image\" data-id=\"2fded9e7\" data-element_type=\"widget\" data-widget_type=\"image.default\">\n\t\t\t\t\t\t\t\t\t\t\t\t\t\t\t\t<a href=\"https:\/\/www.facultaddeartesmexicaliuabc.com\/#\">\n\t\t\t\t\t\t\t<img decoding=\"async\" src=\"https:\/\/sepiacmj.facultaddeartesmexicaliuabc.com\/wp-content\/uploads\/elementor\/thumbs\/LOGO-EN-FONDO-NEGRO-e1761698746799-rdwaps89y47t3r1nt999c9arsvedbdcajxcph8zikc.png\" title=\"LOGO EN FONDO NEGRO\" alt=\"LOGO EN FONDO NEGRO\" loading=\"lazy\" \/>\t\t\t\t\t\t\t\t<\/a>\n\t\t\t\t\t\t\t\t\t\t\t\t\t\t\t<\/div>\n\t\t\t\t<\/div>\n\t\t<div class=\"elementor-element elementor-element-7d72bec e-con-full e-flex wpr-particle-no wpr-jarallax-no wpr-parallax-no wpr-sticky-section-no e-con e-parent\" data-id=\"7d72bec\" data-element_type=\"container\">\n\t\t\t\t<div class=\"elementor-element elementor-element-640051e7 elementor-widget__width-inherit elementor-widget elementor-widget-image\" data-id=\"640051e7\" data-element_type=\"widget\" data-widget_type=\"image.default\">\n\t\t\t\t\t\t\t\t\t\t\t\t\t\t\t<img fetchpriority=\"high\" decoding=\"async\" width=\"1920\" height=\"477\" src=\"https:\/\/sepiacmj.facultaddeartesmexicaliuabc.com\/wp-content\/uploads\/2025\/10\/Banner_SeminarioMexicoJapon-e1761695178579.png\" class=\"attachment-full size-full wp-image-32\" alt=\"\" srcset=\"https:\/\/sepiacmj.facultaddeartesmexicaliuabc.com\/wp-content\/uploads\/2025\/10\/Banner_SeminarioMexicoJapon-e1761695178579.png 1920w, https:\/\/sepiacmj.facultaddeartesmexicaliuabc.com\/wp-content\/uploads\/2025\/10\/Banner_SeminarioMexicoJapon-e1761695178579-300x75.png 300w, https:\/\/sepiacmj.facultaddeartesmexicaliuabc.com\/wp-content\/uploads\/2025\/10\/Banner_SeminarioMexicoJapon-e1761695178579-1024x254.png 1024w, https:\/\/sepiacmj.facultaddeartesmexicaliuabc.com\/wp-content\/uploads\/2025\/10\/Banner_SeminarioMexicoJapon-e1761695178579-768x191.png 768w, https:\/\/sepiacmj.facultaddeartesmexicaliuabc.com\/wp-content\/uploads\/2025\/10\/Banner_SeminarioMexicoJapon-e1761695178579-1536x382.png 1536w\" sizes=\"(max-width: 1920px) 100vw, 1920px\" \/>\t\t\t\t\t\t\t\t\t\t\t\t\t\t\t<\/div>\n\t\t\t\t<\/div>\n\t\t<div class=\"elementor-element elementor-element-3b31db50 e-flex e-con-boxed wpr-particle-no wpr-jarallax-no wpr-parallax-no wpr-sticky-section-no e-con e-parent\" data-id=\"3b31db50\" data-element_type=\"container\" data-settings=\"{&quot;background_background&quot;:&quot;classic&quot;}\">\n\t\t\t\t\t<div class=\"e-con-inner\">\n\t\t\t\t<div class=\"elementor-element elementor-element-6b962343 elementor-nav-menu__align-start elementor-nav-menu--dropdown-tablet elementor-nav-menu__text-align-aside elementor-nav-menu--toggle elementor-nav-menu--burger elementor-widget elementor-widget-nav-menu\" data-id=\"6b962343\" data-element_type=\"widget\" data-settings=\"{&quot;layout&quot;:&quot;horizontal&quot;,&quot;submenu_icon&quot;:{&quot;value&quot;:&quot;&lt;svg class=\\&quot;e-font-icon-svg e-fas-caret-down\\&quot; viewBox=\\&quot;0 0 320 512\\&quot; xmlns=\\&quot;http:\\\/\\\/www.w3.org\\\/2000\\\/svg\\&quot;&gt;&lt;path d=\\&quot;M31.3 192h257.3c17.8 0 26.7 21.5 14.1 34.1L174.1 354.8c-7.8 7.8-20.5 7.8-28.3 0L17.2 226.1C4.6 213.5 13.5 192 31.3 192z\\&quot;&gt;&lt;\\\/path&gt;&lt;\\\/svg&gt;&quot;,&quot;library&quot;:&quot;fa-solid&quot;},&quot;toggle&quot;:&quot;burger&quot;}\" data-widget_type=\"nav-menu.default\">\n\t\t\t\t\t\t\t\t<nav aria-label=\"Menu\" class=\"elementor-nav-menu--main elementor-nav-menu__container elementor-nav-menu--layout-horizontal e--pointer-underline e--animation-fade\">\n\t\t\t\t<ul id=\"menu-1-6b962343\" class=\"elementor-nav-menu\"><li class=\"menu-item menu-item-type-post_type menu-item-object-page menu-item-home menu-item-54\"><a href=\"https:\/\/sepiacmj.facultaddeartesmexicaliuabc.com\/\" class=\"elementor-item\">Inicio<\/a><\/li>\n<li class=\"menu-item menu-item-type-post_type menu-item-object-page menu-item-has-children menu-item-161\"><a href=\"https:\/\/sepiacmj.facultaddeartesmexicaliuabc.com\/index.php\/seminario\/\" class=\"elementor-item\">Seminario<\/a>\n<ul class=\"sub-menu elementor-nav-menu--dropdown\">\n\t<li class=\"menu-item menu-item-type-post_type menu-item-object-page menu-item-167\"><a href=\"https:\/\/sepiacmj.facultaddeartesmexicaliuabc.com\/index.php\/lineas-de-investigacion\/\" class=\"elementor-sub-item\">L\u00edneas de investigaci\u00f3n<\/a><\/li>\n\t<li class=\"menu-item menu-item-type-post_type menu-item-object-page menu-item-173\"><a href=\"https:\/\/sepiacmj.facultaddeartesmexicaliuabc.com\/index.php\/metodologia-de-trabajo\/\" class=\"elementor-sub-item\">Metodolog\u00eda de trabajo<\/a><\/li>\n<\/ul>\n<\/li>\n<li class=\"menu-item menu-item-type-post_type menu-item-object-page menu-item-207\"><a href=\"https:\/\/sepiacmj.facultaddeartesmexicaliuabc.com\/index.php\/integrantes\/\" class=\"elementor-item\">Integrantes<\/a><\/li>\n<li class=\"menu-item menu-item-type-post_type menu-item-object-page menu-item-217\"><a href=\"https:\/\/sepiacmj.facultaddeartesmexicaliuabc.com\/index.php\/elementor-pagina-208\/\" class=\"elementor-item\">Estructura<\/a><\/li>\n<\/ul>\t\t\t<\/nav>\n\t\t\t\t\t<div class=\"elementor-menu-toggle\" role=\"button\" tabindex=\"0\" aria-label=\"Menu Toggle\" aria-expanded=\"false\">\n\t\t\t<svg aria-hidden=\"true\" role=\"presentation\" class=\"elementor-menu-toggle__icon--open e-font-icon-svg e-eicon-menu-bar\" viewBox=\"0 0 1000 1000\" xmlns=\"http:\/\/www.w3.org\/2000\/svg\"><path d=\"M104 333H896C929 333 958 304 958 271S929 208 896 208H104C71 208 42 237 42 271S71 333 104 333ZM104 583H896C929 583 958 554 958 521S929 458 896 458H104C71 458 42 487 42 521S71 583 104 583ZM104 833H896C929 833 958 804 958 771S929 708 896 708H104C71 708 42 737 42 771S71 833 104 833Z\"><\/path><\/svg><svg aria-hidden=\"true\" role=\"presentation\" class=\"elementor-menu-toggle__icon--close e-font-icon-svg e-eicon-close\" viewBox=\"0 0 1000 1000\" xmlns=\"http:\/\/www.w3.org\/2000\/svg\"><path d=\"M742 167L500 408 258 167C246 154 233 150 217 150 196 150 179 158 167 167 154 179 150 196 150 212 150 229 154 242 171 254L408 500 167 742C138 771 138 800 167 829 196 858 225 858 254 829L496 587 738 829C750 842 767 846 783 846 800 846 817 842 829 829 842 817 846 804 846 783 846 767 842 750 829 737L588 500 833 258C863 229 863 200 833 171 804 137 775 137 742 167Z\"><\/path><\/svg>\t\t<\/div>\n\t\t\t\t\t<nav class=\"elementor-nav-menu--dropdown elementor-nav-menu__container\" aria-hidden=\"true\">\n\t\t\t\t<ul id=\"menu-2-6b962343\" class=\"elementor-nav-menu\"><li class=\"menu-item menu-item-type-post_type menu-item-object-page menu-item-home menu-item-54\"><a href=\"https:\/\/sepiacmj.facultaddeartesmexicaliuabc.com\/\" class=\"elementor-item\" tabindex=\"-1\">Inicio<\/a><\/li>\n<li class=\"menu-item menu-item-type-post_type menu-item-object-page menu-item-has-children menu-item-161\"><a href=\"https:\/\/sepiacmj.facultaddeartesmexicaliuabc.com\/index.php\/seminario\/\" class=\"elementor-item\" tabindex=\"-1\">Seminario<\/a>\n<ul class=\"sub-menu elementor-nav-menu--dropdown\">\n\t<li class=\"menu-item menu-item-type-post_type menu-item-object-page menu-item-167\"><a href=\"https:\/\/sepiacmj.facultaddeartesmexicaliuabc.com\/index.php\/lineas-de-investigacion\/\" class=\"elementor-sub-item\" tabindex=\"-1\">L\u00edneas de investigaci\u00f3n<\/a><\/li>\n\t<li class=\"menu-item menu-item-type-post_type menu-item-object-page menu-item-173\"><a href=\"https:\/\/sepiacmj.facultaddeartesmexicaliuabc.com\/index.php\/metodologia-de-trabajo\/\" class=\"elementor-sub-item\" tabindex=\"-1\">Metodolog\u00eda de trabajo<\/a><\/li>\n<\/ul>\n<\/li>\n<li class=\"menu-item menu-item-type-post_type menu-item-object-page menu-item-207\"><a href=\"https:\/\/sepiacmj.facultaddeartesmexicaliuabc.com\/index.php\/integrantes\/\" class=\"elementor-item\" tabindex=\"-1\">Integrantes<\/a><\/li>\n<li class=\"menu-item menu-item-type-post_type menu-item-object-page menu-item-217\"><a href=\"https:\/\/sepiacmj.facultaddeartesmexicaliuabc.com\/index.php\/elementor-pagina-208\/\" class=\"elementor-item\" tabindex=\"-1\">Estructura<\/a><\/li>\n<\/ul>\t\t\t<\/nav>\n\t\t\t\t\t\t<\/div>\n\t\t\t\t\t<\/div>\n\t\t\t\t<\/div>\n\t\t<div class=\"elementor-element elementor-element-47f2e2ed e-flex e-con-boxed wpr-particle-no wpr-jarallax-no wpr-parallax-no wpr-sticky-section-no e-con e-parent\" data-id=\"47f2e2ed\" data-element_type=\"container\">\n\t\t\t\t\t<div class=\"e-con-inner\">\n\t\t<div class=\"elementor-element elementor-element-2b5c3b07 e-con-full e-flex wpr-particle-no wpr-jarallax-no wpr-parallax-no wpr-sticky-section-no e-con e-child\" data-id=\"2b5c3b07\" data-element_type=\"container\">\n\t\t\t\t<div class=\"elementor-element elementor-element-6dd0a8a elementor-widget elementor-widget-text-editor\" data-id=\"6dd0a8a\" data-element_type=\"widget\" data-widget_type=\"text-editor.default\">\n\t\t\t\t\t\t\t\t\t<p>L\u00edneas de investigaci\u00f3n<\/p><p><span style=\"letter-spacing: 0px;\"><b>1. Historia del arte.<\/b><\/span><\/p><p>1.1 Aplicaci\u00f3n de t\u00e9cnicas art\u00edsticas japonesas en el arte contempor\u00e1neo mexicano.<\/p><p>1.2 Arte sacro (cristianismo en Jap\u00f3n).<\/p><p>1.3 Artes tradicionales.<\/p><p>1.4 Metodolog\u00edas de la Historia del arte.<\/p><p>1.5 Instituciones art\u00edsticas.<\/p><p>1.6 Sistemas de legitimaci\u00f3n art\u00edstica.<\/p><p><b>2. Artes y est\u00e9ticas tradicionales japonesas.<\/b><\/p><p>2.1 Componentes culturales japoneses en el arte mexicano: kawaii, amae, mono no\u00a0<span style=\"letter-spacing: 0px;\">aware, etc\u00e9tera.<\/span><\/p><p>2.2 Maiko y geisha como artistas esc\u00e9nicas.<\/p><p>2.3 Uchi y soto.<\/p><p><b>3. Estudios de g\u00e9nero y feminismo.<\/b><\/p><p>3.1 Arte y g\u00e9nero.<\/p><p>3.2 Literatura escrita por mujeres.<\/p><p>3.3 Papel hist\u00f3rico de la mujer en ambos pa\u00edses.<\/p><p><b>4. Cultura contempor\u00e1nea.<\/b><\/p><p>4.1 Anime.<\/p><p>4.2 Consumo de productos culturales japoneses en M\u00e9xico.<\/p><p>4.3 Cultura otaku.<\/p><p>4.4 Dise\u00f1o.<\/p><p><b>5. Modernidad y resistencia<\/b><\/p><p>5.1 Decolonialidad.<\/p><p>5.2 Modernidad y antimodernidad.<\/p><p><b>6. Literatura comparada.<\/b><\/p><p>6.1 Literatura can\u00f3nica.<\/p><p>6.2 Literatura infantil.<\/p><p>6.3 Literatura popular.<\/p><p><b>7. Pedagog\u00eda y ense\u00f1anza cultural.<\/b><\/p><p>7. 1 Ense\u00f1anza de las artes.<\/p><p><b>8. Identidad y migraci\u00f3n.<\/b><\/p><p>8.1 Identidad transnacional.<\/p><p>8.2 Migraci\u00f3n japonesa a M\u00e9xico.<\/p><p><b>9. Estudios est\u00e9ticos.<\/b><\/p>\t\t\t\t\t\t\t\t<\/div>\n\t\t\t\t<\/div>\n\t\t<div class=\"elementor-element elementor-element-82ee8b9 e-con-full e-flex wpr-particle-no wpr-jarallax-no wpr-parallax-no wpr-sticky-section-no e-con e-child\" data-id=\"82ee8b9\" data-element_type=\"container\">\n\t\t\t\t<div class=\"elementor-element elementor-element-65584e76 elementor-widget elementor-widget-text-editor\" data-id=\"65584e76\" data-element_type=\"widget\" data-widget_type=\"text-editor.default\">\n\t\t\t\t\t\t\t\t\t<p>\u7814\u7a76\u9818\u57df\u00a0<\/p><p>1. \u7f8e\u8853\u53f2\u3002<\/p><p>1.1 \u30e1\u30ad\u30b7\u30b3\u73fe\u4ee3\u7f8e\u8853\u306b\u304a\u3051\u308b\u65e5\u672c\u306e\u82b8\u8853\u6280\u8853\u306e\u5fdc\u7528\u3002<\/p><p>1.2 \u5b97\u6559\u7f8e\u8853\uff08\u65e5\u672c\u306b\u304a\u3051\u308b\u30ad\u30ea\u30b9\u30c8\u6559\u306e\u5c55\u958b\uff09\u3002<\/p><p>1.3 \u4f1d\u7d71\u82b8\u8853\u3002<\/p><p>1.4 \u7f8e\u8853\u53f2\u306e\u65b9\u6cd5\u8ad6\u3002<\/p><p>1.5 \u82b8\u8853\u5236\u5ea6\u3002<\/p><p>1.6 \u82b8\u8853\u306e\u6b63\u5f53\u5316\u4f53\u5236\u3002<\/p><p>2. \u65e5\u672c\u306e\u4f1d\u7d71\u82b8\u8853\u3068\u7f8e\u5b66\u3002<\/p><p>2.1 \u30e1\u30ad\u30b7\u30b3\u82b8\u8853\u306b\u304a\u3051\u308b\u65e5\u672c\u6587\u5316\u8981\u7d20\uff1a\u304b\u308f\u3044\u3044\u3001\u7518\u3048\u3001\u7269\u306e\u54c0\u308c\u306a\u3069\u3002<\/p><p>2.2\u821e\u53f0\u82b8\u8853\u5bb6\u3068\u3057\u3066\u306e\u821e\u5993\u3068\u82b8\u8005\u3002<\/p><p>2.3 \u30e1\u30ad\u30b7\u30b3\u306e\u6587\u8108\u306b\u304a\u3051\u308b\u5185\u3068\u5916\u3002<\/p><p>\u00a0<\/p><p>3. \u30b8\u30a7\u30f3\u30c0\u30fc\u3068\u30d5\u30a7\u30df\u30cb\u30ba\u30e0\u306e\u7814\u7a76\u3002<\/p><p>3.1 \u82b8\u8853\u3068\u30b8\u30a7\u30f3\u30c0\u30fc\u3002<\/p><p>3.2 \u5973\u6027\u306b\u3088\u308b\u6587\u5b66\u3002<\/p><p>3.3 \u4e21\u56fd\u306e\u6b74\u53f2\u306b\u304a\u3051\u308b\u5973\u6027\u306e\u5f79\u5272\u3002<\/p><p>4. \u73fe\u4ee3\u6587\u5316\u3002<\/p><p>4.1 \u30a2\u30cb\u30e1\u3002<\/p><p>4.2 \u30e1\u30ad\u30b7\u30b3\u306b\u304a\u3051\u308b\u65e5\u672c\u6587\u5316\u88fd\u54c1\u306e\u6d88\u8cbb\u3002<\/p><p>4.3 \u30aa\u30bf\u30af\u6587\u5316\u3002<\/p><p>4.4 \u30c7\u30b6\u30a4\u30f3\u3002<\/p><p>5. \u8fd1\u4ee3\u3068\u62b5\u6297\u3002<\/p><p>5.1 \u8131\u690d\u6c11\u5730\u5316\u3002<\/p><p>5.2 \u8fd1\u4ee3\u3068\u53cd\u8fd1\u4ee3\u3002<\/p><p>6. \u6bd4\u8f03\u6587\u5b66\u3002<\/p><p>6.1 \u53e4\u5178\u6587\u5b66\u3002<\/p><p>6.2 \u5150\u7ae5\u6587\u5b66\u3002<\/p><p>6.3 \u5927\u8846\u6587\u5b66\u3002<\/p><p>7. \u6559\u80b2\u3068\u6587\u5316\u6559\u80b2\u3002<\/p><p>7.1 \u82b8\u8853\u6559\u80b2<\/p><p>8. \u540c\u4e00\u6027\u3068\u79fb\u4f4f\u3002<\/p><p>8.1 \u56fd\u5883\u3092\u8d8a\u3048\u305f\u540c\u4e00\u6027\u3002<\/p><p>8.2 \u30e1\u30ad\u30b7\u30b3\u3078\u306e\u65e5\u672c\u4eba\u79fb\u4f4f\u3002<\/p><p>9. \u7f8e\u5b66\u7814\u7a76\u3002<\/p>\t\t\t\t\t\t\t\t<\/div>\n\t\t\t\t<\/div>\n\t\t\t\t\t<\/div>\n\t\t\t\t<\/div>\n\t\t<div class=\"elementor-element elementor-element-55c5c6e e-flex e-con-boxed wpr-particle-no wpr-jarallax-no wpr-parallax-no wpr-sticky-section-no e-con e-parent\" data-id=\"55c5c6e\" data-element_type=\"container\" data-settings=\"{&quot;background_background&quot;:&quot;classic&quot;}\">\n\t\t\t\t\t<div class=\"e-con-inner\">\n\t\t\t\t<div class=\"elementor-element elementor-element-418bd063 elementor-view-default elementor-widget elementor-widget-icon\" data-id=\"418bd063\" data-element_type=\"widget\" data-widget_type=\"icon.default\">\n\t\t\t\t\t\t\t<div class=\"elementor-icon-wrapper\">\n\t\t\t<a class=\"elementor-icon\" href=\"https:\/\/www.facebook.com\/sepiacmexjp\/\">\n\t\t\t<svg aria-hidden=\"true\" class=\"e-font-icon-svg e-fab-facebook\" viewBox=\"0 0 512 512\" xmlns=\"http:\/\/www.w3.org\/2000\/svg\"><path d=\"M504 256C504 119 393 8 256 8S8 119 8 256c0 123.78 90.69 226.38 209.25 245V327.69h-63V256h63v-54.64c0-62.15 37-96.48 93.67-96.48 27.14 0 55.52 4.84 55.52 4.84v61h-31.28c-30.8 0-40.41 19.12-40.41 38.73V256h68.78l-11 71.69h-57.78V501C413.31 482.38 504 379.78 504 256z\"><\/path><\/svg>\t\t\t<\/a>\n\t\t<\/div>\n\t\t\t\t\t\t<\/div>\n\t\t\t\t<div class=\"elementor-element elementor-element-7f0f516c elementor-view-default elementor-widget elementor-widget-icon\" data-id=\"7f0f516c\" data-element_type=\"widget\" data-widget_type=\"icon.default\">\n\t\t\t\t\t\t\t<div class=\"elementor-icon-wrapper\">\n\t\t\t<a class=\"elementor-icon\" href=\"https:\/\/www.instagram.com\/sepiacmexjp\/?hl=en\">\n\t\t\t<svg aria-hidden=\"true\" class=\"e-font-icon-svg e-fab-instagram\" viewBox=\"0 0 448 512\" xmlns=\"http:\/\/www.w3.org\/2000\/svg\"><path d=\"M224.1 141c-63.6 0-114.9 51.3-114.9 114.9s51.3 114.9 114.9 114.9S339 319.5 339 255.9 287.7 141 224.1 141zm0 189.6c-41.1 0-74.7-33.5-74.7-74.7s33.5-74.7 74.7-74.7 74.7 33.5 74.7 74.7-33.6 74.7-74.7 74.7zm146.4-194.3c0 14.9-12 26.8-26.8 26.8-14.9 0-26.8-12-26.8-26.8s12-26.8 26.8-26.8 26.8 12 26.8 26.8zm76.1 27.2c-1.7-35.9-9.9-67.7-36.2-93.9-26.2-26.2-58-34.4-93.9-36.2-37-2.1-147.9-2.1-184.9 0-35.8 1.7-67.6 9.9-93.9 36.1s-34.4 58-36.2 93.9c-2.1 37-2.1 147.9 0 184.9 1.7 35.9 9.9 67.7 36.2 93.9s58 34.4 93.9 36.2c37 2.1 147.9 2.1 184.9 0 35.9-1.7 67.7-9.9 93.9-36.2 26.2-26.2 34.4-58 36.2-93.9 2.1-37 2.1-147.8 0-184.8zM398.8 388c-7.8 19.6-22.9 34.7-42.6 42.6-29.5 11.7-99.5 9-132.1 9s-102.7 2.6-132.1-9c-19.6-7.8-34.7-22.9-42.6-42.6-11.7-29.5-9-99.5-9-132.1s-2.6-102.7 9-132.1c7.8-19.6 22.9-34.7 42.6-42.6 29.5-11.7 99.5-9 132.1-9s102.7-2.6 132.1 9c19.6 7.8 34.7 22.9 42.6 42.6 11.7 29.5 9 99.5 9 132.1s2.7 102.7-9 132.1z\"><\/path><\/svg>\t\t\t<\/a>\n\t\t<\/div>\n\t\t\t\t\t\t<\/div>\n\t\t\t\t\t<\/div>\n\t\t\t\t<\/div>\n\t\t\t\t<\/div>\n\t\t","protected":false},"excerpt":{"rendered":"<p>L\u00edneas de investigaci\u00f3n 1. Historia del arte. 1.1 Aplicaci\u00f3n de t\u00e9cnicas art\u00edsticas japonesas en el arte contempor\u00e1neo mexicano. 1.2 Arte sacro (cristianismo en Jap\u00f3n). 1.3 Artes tradicionales. 1.4 Metodolog\u00edas de la Historia del arte. 1.5 Instituciones art\u00edsticas. 1.6 Sistemas de legitimaci\u00f3n art\u00edstica. 2. Artes y est\u00e9ticas tradicionales japonesas. 2.1 Componentes culturales japoneses en el arte mexicano: kawaii, amae, mono no\u00a0aware, etc\u00e9tera. 2.2 Maiko y geisha como artistas esc\u00e9nicas. 2.3 Uchi y soto. 3. Estudios de g\u00e9nero y feminismo. 3.1 Arte y g\u00e9nero. 3.2 Literatura escrita por mujeres. 3.3 Papel hist\u00f3rico de la mujer en ambos pa\u00edses. 4. Cultura contempor\u00e1nea. 4.1 Anime. 4.2 Consumo de productos culturales japoneses en M\u00e9xico. 4.3 Cultura otaku. 4.4 Dise\u00f1o. 5. Modernidad y resistencia 5.1 Decolonialidad. 5.2 Modernidad y antimodernidad. 6. Literatura comparada. 6.1 Literatura can\u00f3nica. 6.2 Literatura infantil. 6.3 Literatura popular. 7. Pedagog\u00eda y ense\u00f1anza cultural. 7. 1 Ense\u00f1anza de las artes. 8. Identidad y migraci\u00f3n. 8.1 Identidad transnacional. 8.2 Migraci\u00f3n japonesa a M\u00e9xico. 9. Estudios est\u00e9ticos. \u7814\u7a76\u9818\u57df\u00a0 1. \u7f8e\u8853\u53f2\u3002 1.1 \u30e1\u30ad\u30b7\u30b3\u73fe\u4ee3\u7f8e\u8853\u306b\u304a\u3051\u308b\u65e5\u672c\u306e\u82b8\u8853\u6280\u8853\u306e\u5fdc\u7528\u3002 1.2 \u5b97\u6559\u7f8e\u8853\uff08\u65e5\u672c\u306b\u304a\u3051\u308b\u30ad\u30ea\u30b9\u30c8\u6559\u306e\u5c55\u958b\uff09\u3002 1.3 \u4f1d\u7d71\u82b8\u8853\u3002 1.4 \u7f8e\u8853\u53f2\u306e\u65b9\u6cd5\u8ad6\u3002 1.5 \u82b8\u8853\u5236\u5ea6\u3002 1.6 \u82b8\u8853\u306e\u6b63\u5f53\u5316\u4f53\u5236\u3002 2. \u65e5\u672c\u306e\u4f1d\u7d71\u82b8\u8853\u3068\u7f8e\u5b66\u3002 2.1 \u30e1\u30ad\u30b7\u30b3\u82b8\u8853\u306b\u304a\u3051\u308b\u65e5\u672c\u6587\u5316\u8981\u7d20\uff1a\u304b\u308f\u3044\u3044\u3001\u7518\u3048\u3001\u7269\u306e\u54c0\u308c\u306a\u3069\u3002 2.2\u821e\u53f0\u82b8\u8853\u5bb6\u3068\u3057\u3066\u306e\u821e\u5993\u3068\u82b8\u8005\u3002 2.3 \u30e1\u30ad\u30b7\u30b3\u306e\u6587\u8108\u306b\u304a\u3051\u308b\u5185\u3068\u5916\u3002 \u00a0 3. \u30b8\u30a7\u30f3\u30c0\u30fc\u3068\u30d5\u30a7\u30df\u30cb\u30ba\u30e0\u306e\u7814\u7a76\u3002 3.1 \u82b8\u8853\u3068\u30b8\u30a7\u30f3\u30c0\u30fc\u3002 3.2 \u5973\u6027\u306b\u3088\u308b\u6587\u5b66\u3002 3.3 \u4e21\u56fd\u306e\u6b74\u53f2\u306b\u304a\u3051\u308b\u5973\u6027\u306e\u5f79\u5272\u3002 4. \u73fe\u4ee3\u6587\u5316\u3002 4.1 \u30a2\u30cb\u30e1\u3002 4.2 \u30e1\u30ad\u30b7\u30b3\u306b\u304a\u3051\u308b\u65e5\u672c\u6587\u5316\u88fd\u54c1\u306e\u6d88\u8cbb\u3002 4.3 \u30aa\u30bf\u30af\u6587\u5316\u3002 4.4 \u30c7\u30b6\u30a4\u30f3\u3002 5. \u8fd1\u4ee3\u3068\u62b5\u6297\u3002 5.1 \u8131\u690d\u6c11\u5730\u5316\u3002 5.2 \u8fd1\u4ee3\u3068\u53cd\u8fd1\u4ee3\u3002 6. \u6bd4\u8f03\u6587\u5b66\u3002 6.1 \u53e4\u5178\u6587\u5b66\u3002 6.2 \u5150\u7ae5\u6587\u5b66\u3002 6.3 \u5927\u8846\u6587\u5b66\u3002 7. \u6559\u80b2\u3068\u6587\u5316\u6559\u80b2\u3002 7.1 \u82b8\u8853\u6559\u80b2 8. \u540c\u4e00\u6027\u3068\u79fb\u4f4f\u3002 8.1 \u56fd\u5883\u3092\u8d8a\u3048\u305f\u540c\u4e00\u6027\u3002 8.2 \u30e1\u30ad\u30b7\u30b3\u3078\u306e\u65e5\u672c\u4eba\u79fb\u4f4f\u3002 9. \u7f8e\u5b66\u7814\u7a76\u3002<\/p>\n","protected":false},"author":2,"featured_media":0,"parent":0,"menu_order":0,"comment_status":"closed","ping_status":"closed","template":"elementor_canvas","meta":{"footnotes":""},"class_list":["post-162","page","type-page","status-publish","hentry"],"_links":{"self":[{"href":"https:\/\/sepiacmj.facultaddeartesmexicaliuabc.com\/index.php\/wp-json\/wp\/v2\/pages\/162","targetHints":{"allow":["GET"]}}],"collection":[{"href":"https:\/\/sepiacmj.facultaddeartesmexicaliuabc.com\/index.php\/wp-json\/wp\/v2\/pages"}],"about":[{"href":"https:\/\/sepiacmj.facultaddeartesmexicaliuabc.com\/index.php\/wp-json\/wp\/v2\/types\/page"}],"author":[{"embeddable":true,"href":"https:\/\/sepiacmj.facultaddeartesmexicaliuabc.com\/index.php\/wp-json\/wp\/v2\/users\/2"}],"replies":[{"embeddable":true,"href":"https:\/\/sepiacmj.facultaddeartesmexicaliuabc.com\/index.php\/wp-json\/wp\/v2\/comments?post=162"}],"version-history":[{"count":4,"href":"https:\/\/sepiacmj.facultaddeartesmexicaliuabc.com\/index.php\/wp-json\/wp\/v2\/pages\/162\/revisions"}],"predecessor-version":[{"id":166,"href":"https:\/\/sepiacmj.facultaddeartesmexicaliuabc.com\/index.php\/wp-json\/wp\/v2\/pages\/162\/revisions\/166"}],"wp:attachment":[{"href":"https:\/\/sepiacmj.facultaddeartesmexicaliuabc.com\/index.php\/wp-json\/wp\/v2\/media?parent=162"}],"curies":[{"name":"wp","href":"https:\/\/api.w.org\/{rel}","templated":true}]}}